{"id":142,"date":"2015-05-24T02:25:24","date_gmt":"2015-05-24T02:25:24","guid":{"rendered":"http:\/\/mariageavotreimage.com\/?page_id=142"},"modified":"2024-09-19T20:32:49","modified_gmt":"2024-09-19T20:32:49","slug":"commentaires","status":"publish","type":"page","link":"http:\/\/mariageavotreimage.com\/index.php\/commentaires\/","title":{"rendered":"Commentaires"},"content":{"rendered":"<p><span style=\"color: #808080;\"><div class=\"su-quote su-quote-style-default su-quote-has-cite\"><div class=\"su-quote-inner su-u-clearfix su-u-trim\"> <\/span>Moi et Rebeka tenions \u00e0 vous remercier encore une fois pour cette parfaite journ\u00e9e!:)<br \/>\nVotre professionnalisme et votre grande humanit\u00e9 ont rendu les choses tr\u00e8s faciles pour tout le<br \/>\nMonde pr\u00e9sent. Nous sommes et serons \u00e0 jamais heureux de vous avoir choisi comme c\u00e9l\u00e9brante.<\/p>\n<p>Au plaisir et Bonne continuit\u00e9!:)<\/p>\n<p><span style=\"color: #808080;\"><span class=\"su-quote-cite\"><strong>Alex et Rebeka<\/strong><\/span><\/div><\/div><\/span><\/p>\n<p>&nbsp;<\/p>\n<p><span style=\"color: #808080;\"><div class=\"su-quote su-quote-style-default su-quote-has-cite\"><div class=\"su-quote-inner su-u-clearfix su-u-trim\"> Bonjour madame B\u00e9rub\u00e9, Nous tenons \u00e0 vous remercier pour la c\u00e9l\u00e9bration de notre mariage du 27 juillet dernier au Ch\u00e2teau Laurier de Qu\u00e9bec. Ce fut une c\u00e9r\u00e9monie magnifique et tr\u00e8s touchante, de plus vous avez contribu\u00e9 \u00e0 rendre ce moment magique encore plus exceptionnel. Merci de votre disponibilit\u00e9 malgr\u00e9 notre petit retard &#8230;. Mille mercis et au plaisir de vous revoir \u00a0<span class=\"su-quote-cite\"><strong>Mario Aub\u00e9 et Marie-\u00c8ve Roussel<\/strong><\/span><\/div><\/div><\/span><\/p>\n<p><span style=\"color: #808080;\"><div class=\"su-quote su-quote-style-default su-quote-has-cite\"><div class=\"su-quote-inner su-u-clearfix su-u-trim\"> Bonjour Johanne,\u00a0Notre c\u00e9r\u00e9monie de mariage que vous avez c\u00e9l\u00e9br\u00e9e le 25 mai dernier \u00e0 l&rsquo;auberge Saut \u00e0 la puce, nous a\u00a0 propulser sur un nuage\u00a0sur \u00a0lequel nous sommes\u00a0a peine redescendus !!!!<\/span><br \/>\n<span style=\"color: #808080;\"> \u00a0Les commentaires des invit\u00e9es sont \u00e9galement unanimes, absolument merveilleux !!! Je\u00a0 joint a ce petit message de remerciement une photo que je trouve superbe tout\u00a0comme la c\u00e9r\u00e9monie que\u00a0vous nous avez\u00a0offert .\u00a0<\/span><br \/>\n<span style=\"color: #808080;\"> Merci 1000 fois.<span class=\"su-quote-cite\"><strong>Carole et Pierre<\/strong><\/span><\/div><\/div><\/span><\/p>\n<p><span style=\"color: #808080;\"><div class=\"su-quote su-quote-style-default su-quote-has-cite\"><div class=\"su-quote-inner su-u-clearfix su-u-trim\">\u00a0Merci beaucoup pour cette c\u00e9r\u00e9monie parfaite selon nous et tous nos invit\u00e9s. \u00c7a d\u00e9pass\u00e9 nos attente de beaucoup avec bcp d&rsquo;\u00e9motions, de sagesses et d&rsquo;amour. Personne n&rsquo;aurais p\u00fb faire mieux et personne n&rsquo;aurais p\u00fb mieux d\u00e9crire nos sentiments. On te remercie tellement pour cette belle c\u00e9r\u00e9monie qui restera grav\u00e9 dans notre coeur pour toujours xx.<\/span><\/p>\n<span class=\"su-quote-cite\"><strong>Norma &amp; Robin<\/strong><\/span><\/div><\/div>\n<p><span style=\"color: #808080;\"><div class=\"su-quote su-quote-style-default su-quote-has-cite\"><div class=\"su-quote-inner su-u-clearfix su-u-trim\">\u00a0<\/span><\/p>\n<p><span style=\"color: #808080;\">Bonjour R\u00e9v\u00e9rente,<\/span><br \/>\n<span style=\"color: #808080;\"> \u00a0<\/span><br \/>\n<span style=\"color: #808080;\"> Nous tenons \u00e0 vous remercier pour cette belle c\u00e9r\u00e9monie qui sera \u00e0 jamais graver dans notre m\u00e9moire.\u00a0\u00a0 Tous nos invit\u00e9s et nous-m\u00eame furent envout\u00e9 par cette c\u00e9r\u00e9monie qui \u00e9taient simple mais tr\u00e8s chaleureuse \u00e0 la fois.<\/span><br \/>\n<span style=\"color: #808080;\"> \u00a0<\/span><br \/>\n<span style=\"color: #808080;\"> Nous profitons de l&rsquo;occasion pour vous souhaiter \u00e0 vous et \u00e0 votre famille, une Belle et Heureuse Ann\u00e9e de 2013, que cette ann\u00e9e soit remplit Bonheur, Sant\u00e9, et de Prosp\u00e9rit\u00e9.<\/span><br \/>\n<span style=\"color: #808080;\"> \u00a0<\/span><br \/>\n<span style=\"color: #808080;\"> Merci encore mille fois!!!<\/span><br \/>\n<span style=\"color: #808080;\"> \u00a0<\/span><br \/>\n<span style=\"color: #808080;\"> Au plaisir de se revoir\u00a0et bonne journ\u00e9e!!<\/span><br \/>\n<span style=\"color: #808080;\"> \u00a0<span class=\"su-quote-cite\">M&amp;M <\/span><\/div><\/div><\/span><\/p>\n<p><span style=\"color: #808080;\"><div class=\"su-quote su-quote-style-default su-quote-has-cite\"><div class=\"su-quote-inner su-u-clearfix su-u-trim\">\u00a0<\/span><\/p>\n<p><span style=\"color: #808080;\">Bonjour Johanne<\/span><\/p>\n<p><span style=\"color: #808080;\">Nous voulons te dire un grand merci pour la belle c\u00e9r\u00e9monie que tu nous a fait vivre pour notre mariage. Nous t&rsquo;envoyons quelques photos.<\/span><\/p>\n<p><span style=\"color: #808080;\"><span class=\"su-quote-cite\"><strong>Les amoureux Jocelyne et Denis<\/strong><\/span><\/div><\/div><\/span><\/p>\n<div class=\"su-quote su-quote-style-default su-quote-has-cite\"><div class=\"su-quote-inner su-u-clearfix su-u-trim\">\n<p>Bonjour,<\/p>\n<p>Nous voulions vous dire un gros Merci pour la belle c\u00e9r\u00e9monie que nous avons pu avoir gr\u00e2ce \u00e0 vous!!! Le vent froid a \u00e9t\u00e9 tr\u00e8s pr\u00e9sent, mais vous avez gard\u00e9 votre beau sourire quand m\u00eame et j&rsquo;ai ador\u00e9 le r\u00e9sultat de tous les textes ensemble.\u00a0Nous avons eu de tr\u00e8s beaux commentaires\u00a0et les gens ont bien aim\u00e9 la c\u00e9r\u00e9monie du sable. Un\u00a0\u00e9norme merci\u00a0!!!\u00a0\u00c7a a \u00e9t\u00e9 \u00e0 notre\u00a0image, comme on le voulait. Merciiii!!!!<\/p>\n<p>17\/10\/2015<\/p>\n<span class=\"su-quote-cite\"><strong>Joanie et Eric<\/strong><\/span><\/div><\/div>\n<div class=\"su-quote su-quote-style-default su-quote-has-cite\"><div class=\"su-quote-inner su-u-clearfix su-u-trim\">\n<p>Bonjour Johanne!!Nous tenions \u00e0 te remercier personnellement pour cette magnifique c\u00e9l\u00e9bration que tu nous as fait vivre samedi lors de notre mariage.Tu as su mettre une touche sp\u00e9ciale ,pleine d \u00e9motion et de sinc\u00e9rit\u00e9.Avec toi \u00e0 nos cot\u00e9s ont se sentaient en confiance.Tout le monde a \u00e9t\u00e9 \u00e9merveill\u00e9 d avoir v\u00e9cu quelque chose de beau et de grand .Un grand merci encore une fois.On te garde dans notre coeur!!!<\/p>\n<span class=\"su-quote-cite\"><strong>Mario et Chantale<\/strong> <\/span><\/div><\/div>\n","protected":false},"excerpt":{"rendered":"<p>&nbsp;<\/p>\n","protected":false},"author":1,"featured_media":0,"parent":0,"menu_order":0,"comment_status":"closed","ping_status":"closed","template":"","meta":{"footnotes":""},"class_list":["post-142","page","type-page","status-publish","hentry"],"yoast_head":"<!-- This site is optimized with the Yoast SEO plugin v23.2 - https:\/\/yoast.com\/wordpress\/plugins\/seo\/ -->\n<title>418 932-6399 c\u00e9l\u00e9bration mariage civil<\/title>\n<meta name=\"description\" content=\"Mariage \u00e0 votre image, C\u00e9l\u00e9brant mariage Qu\u00e9bec, mariage civil qu\u00e9bec, mariage celebrant, c\u00e9l\u00e9bration de mariage civil, c\u00e9l\u00e9bration fun\u00e9railles, mariage\" \/>\n<meta name=\"robots\" content=\"index, follow, max-snippet:-1, max-image-preview:large, max-video-preview:-1\" \/>\n<link rel=\"canonical\" href=\"http:\/\/mariageavotreimage.com\/index.php\/commentaires\/\" \/>\n<meta property=\"og:locale\" content=\"fr_CA\" \/>\n<meta property=\"og:type\" content=\"article\" \/>\n<meta property=\"og:title\" content=\"418 932-6399 c\u00e9l\u00e9bration mariage civil\" \/>\n<meta property=\"og:description\" content=\"Mariage \u00e0 votre image, C\u00e9l\u00e9brant mariage Qu\u00e9bec, mariage civil qu\u00e9bec, mariage celebrant, c\u00e9l\u00e9bration de mariage civil, c\u00e9l\u00e9bration fun\u00e9railles, mariage\" \/>\n<meta property=\"og:url\" content=\"http:\/\/mariageavotreimage.com\/index.php\/commentaires\/\" \/>\n<meta property=\"og:site_name\" content=\"C\u00e9l\u00e9brant mariage Qu\u00e9bec\" \/>\n<meta property=\"article:publisher\" content=\"https:\/\/www.facebook.com\/mariage.avotreimage?fref=ts\" \/>\n<meta property=\"article:modified_time\" content=\"2024-09-19T20:32:49+00:00\" \/>\n<meta name=\"twitter:card\" content=\"summary_large_image\" \/>\n<meta name=\"twitter:site\" content=\"@celebranmariage\" \/>\n<meta name=\"twitter:label1\" content=\"Estimation du temps de lecture\" \/>\n\t<meta name=\"twitter:data1\" content=\"4 minutes\" \/>\n<script type=\"application\/ld+json\" class=\"yoast-schema-graph\">{\"@context\":\"https:\/\/schema.org\",\"@graph\":[{\"@type\":\"WebPage\",\"@id\":\"http:\/\/mariageavotreimage.com\/index.php\/commentaires\/\",\"url\":\"http:\/\/mariageavotreimage.com\/index.php\/commentaires\/\",\"name\":\"418 932-6399 c\u00e9l\u00e9bration mariage civil\",\"isPartOf\":{\"@id\":\"http:\/\/mariageavotreimage.com\/#website\"},\"datePublished\":\"2015-05-24T02:25:24+00:00\",\"dateModified\":\"2024-09-19T20:32:49+00:00\",\"description\":\"Mariage \u00e0 votre image, C\u00e9l\u00e9brant mariage Qu\u00e9bec, mariage civil qu\u00e9bec, mariage celebrant, c\u00e9l\u00e9bration de mariage civil, c\u00e9l\u00e9bration fun\u00e9railles, mariage\",\"breadcrumb\":{\"@id\":\"http:\/\/mariageavotreimage.com\/index.php\/commentaires\/#breadcrumb\"},\"inLanguage\":\"fr-CA\",\"potentialAction\":[{\"@type\":\"ReadAction\",\"target\":[\"http:\/\/mariageavotreimage.com\/index.php\/commentaires\/\"]}]},{\"@type\":\"BreadcrumbList\",\"@id\":\"http:\/\/mariageavotreimage.com\/index.php\/commentaires\/#breadcrumb\",\"itemListElement\":[{\"@type\":\"ListItem\",\"position\":1,\"name\":\"Home\",\"item\":\"http:\/\/mariageavotreimage.com\/\"},{\"@type\":\"ListItem\",\"position\":2,\"name\":\"Commentaires\"}]},{\"@type\":\"WebSite\",\"@id\":\"http:\/\/mariageavotreimage.com\/#website\",\"url\":\"http:\/\/mariageavotreimage.com\/\",\"name\":\"C\u00e9l\u00e9brant mariage Qu\u00e9bec\",\"description\":\"C\u00e9l\u00e9brant mariage\",\"potentialAction\":[{\"@type\":\"SearchAction\",\"target\":{\"@type\":\"EntryPoint\",\"urlTemplate\":\"http:\/\/mariageavotreimage.com\/?s={search_term_string}\"},\"query-input\":\"required name=search_term_string\"}],\"inLanguage\":\"fr-CA\"}]}<\/script>\n<!-- \/ Yoast SEO plugin. -->","yoast_head_json":{"title":"418 932-6399 c\u00e9l\u00e9bration mariage civil","description":"Mariage \u00e0 votre image, C\u00e9l\u00e9brant mariage Qu\u00e9bec, mariage civil qu\u00e9bec, mariage celebrant, c\u00e9l\u00e9bration de mariage civil, c\u00e9l\u00e9bration fun\u00e9railles, mariage","robots":{"index":"index","follow":"follow","max-snippet":"max-snippet:-1","max-image-preview":"max-image-preview:large","max-video-preview":"max-video-preview:-1"},"canonical":"http:\/\/mariageavotreimage.com\/index.php\/commentaires\/","og_locale":"fr_CA","og_type":"article","og_title":"418 932-6399 c\u00e9l\u00e9bration mariage civil","og_description":"Mariage \u00e0 votre image, C\u00e9l\u00e9brant mariage Qu\u00e9bec, mariage civil qu\u00e9bec, mariage celebrant, c\u00e9l\u00e9bration de mariage civil, c\u00e9l\u00e9bration fun\u00e9railles, mariage","og_url":"http:\/\/mariageavotreimage.com\/index.php\/commentaires\/","og_site_name":"C\u00e9l\u00e9brant mariage Qu\u00e9bec","article_publisher":"https:\/\/www.facebook.com\/mariage.avotreimage?fref=ts","article_modified_time":"2024-09-19T20:32:49+00:00","twitter_card":"summary_large_image","twitter_site":"@celebranmariage","twitter_misc":{"Estimation du temps de lecture":"4 minutes"},"schema":{"@context":"https:\/\/schema.org","@graph":[{"@type":"WebPage","@id":"http:\/\/mariageavotreimage.com\/index.php\/commentaires\/","url":"http:\/\/mariageavotreimage.com\/index.php\/commentaires\/","name":"418 932-6399 c\u00e9l\u00e9bration mariage civil","isPartOf":{"@id":"http:\/\/mariageavotreimage.com\/#website"},"datePublished":"2015-05-24T02:25:24+00:00","dateModified":"2024-09-19T20:32:49+00:00","description":"Mariage \u00e0 votre image, C\u00e9l\u00e9brant mariage Qu\u00e9bec, mariage civil qu\u00e9bec, mariage celebrant, c\u00e9l\u00e9bration de mariage civil, c\u00e9l\u00e9bration fun\u00e9railles, mariage","breadcrumb":{"@id":"http:\/\/mariageavotreimage.com\/index.php\/commentaires\/#breadcrumb"},"inLanguage":"fr-CA","potentialAction":[{"@type":"ReadAction","target":["http:\/\/mariageavotreimage.com\/index.php\/commentaires\/"]}]},{"@type":"BreadcrumbList","@id":"http:\/\/mariageavotreimage.com\/index.php\/commentaires\/#breadcrumb","itemListElement":[{"@type":"ListItem","position":1,"name":"Home","item":"http:\/\/mariageavotreimage.com\/"},{"@type":"ListItem","position":2,"name":"Commentaires"}]},{"@type":"WebSite","@id":"http:\/\/mariageavotreimage.com\/#website","url":"http:\/\/mariageavotreimage.com\/","name":"C\u00e9l\u00e9brant mariage Qu\u00e9bec","description":"C\u00e9l\u00e9brant mariage","potentialAction":[{"@type":"SearchAction","target":{"@type":"EntryPoint","urlTemplate":"http:\/\/mariageavotreimage.com\/?s={search_term_string}"},"query-input":"required name=search_term_string"}],"inLanguage":"fr-CA"}]}},"_links":{"self":[{"href":"http:\/\/mariageavotreimage.com\/index.php\/wp-json\/wp\/v2\/pages\/142"}],"collection":[{"href":"http:\/\/mariageavotreimage.com\/index.php\/wp-json\/wp\/v2\/pages"}],"about":[{"href":"http:\/\/mariageavotreimage.com\/index.php\/wp-json\/wp\/v2\/types\/page"}],"author":[{"embeddable":true,"href":"http:\/\/mariageavotreimage.com\/index.php\/wp-json\/wp\/v2\/users\/1"}],"replies":[{"embeddable":true,"href":"http:\/\/mariageavotreimage.com\/index.php\/wp-json\/wp\/v2\/comments?post=142"}],"version-history":[{"count":16,"href":"http:\/\/mariageavotreimage.com\/index.php\/wp-json\/wp\/v2\/pages\/142\/revisions"}],"predecessor-version":[{"id":3694,"href":"http:\/\/mariageavotreimage.com\/index.php\/wp-json\/wp\/v2\/pages\/142\/revisions\/3694"}],"wp:attachment":[{"href":"http:\/\/mariageavotreimage.com\/index.php\/wp-json\/wp\/v2\/media?parent=142"}],"curies":[{"name":"wp","href":"https:\/\/api.w.org\/{rel}","templated":true}]}}