{"id":164,"date":"2015-05-27T05:07:16","date_gmt":"2015-05-27T05:07:16","guid":{"rendered":"http:\/\/mariageavotreimage.com\/?page_id=164"},"modified":"2024-09-19T20:36:42","modified_gmt":"2024-09-19T20:36:42","slug":"questions-frequentes-mariage","status":"publish","type":"page","link":"http:\/\/mariageavotreimage.com\/index.php\/questions-frequentes-mariage\/","title":{"rendered":"Questions fr\u00e9quentes &#8211; Mariage"},"content":{"rendered":"<p><span style=\"color: #000000; font-size: 40px;\">FAQ &#8211; Mariages<\/span><\/p>\n<section id=\"faq\">\n<div class=\"question\">\n<h3>Quel est le prix d\u2019une c\u00e9r\u00e9monie de mariage ?<\/h3>\n<p>Notez qu&rsquo;il s&rsquo;agit d&rsquo;un montant \u00abclef en main\u00bb, qui couvre tous les frais:<\/p>\n<ul>\n<li>Ouverture de dossier<\/li>\n<li>La rencontre avec le pasteur c\u00e9l\u00e9brant<\/li>\n<li>Enregistrement de la demande<\/li>\n<li>Toutes les d\u00e9marches aupr\u00e8s du gouvernement<\/li>\n<li>Le d\u00e9placement du c\u00e9l\u00e9brant \u00e0 votre lieu de mariage<\/li>\n<li>La c\u00e9r\u00e9monie de mariage<\/li>\n<\/ul>\n<p>Contactez-nous pour obtenir le prix exact associ\u00e9 \u00e0 votre lieu de mariage.<\/p>\n<\/div>\n<div class=\"question\">\n<h3>Avons-nous besoin de t\u00e9moins le jour de notre mariage ?<\/h3>\n<p>Oui, chaque \u00e9poux doit avoir son propre t\u00e9moin.<\/p>\n<\/div>\n<div class=\"question\">\n<h3>Quels documents devons-nous fournir ?<\/h3>\n<p>Les documents dont vous aurez besoin sont le Certificat de naissance \u00e9mis par le Directeur de l\u2019\u00e9tat civil, carte d\u2019assurance sociale et carte d\u2019assurance-maladie pour une personne n\u00e9e au Qu\u00e9bec.<\/p>\n<p>Dans le cas de personnes n\u00e9es en dehors du Qu\u00e9bec, vous devez fournir votre certificat de naissance \u00e9mis par les autorit\u00e9s locales de votre pays ou province d\u2019origine. Ces documents doivent \u00eatre traduits en fran\u00e7ais ou en anglais par un traducteur officiel. Voici un lien utile pour les traductions: <a href=\"https:\/\/ottiaq.org\/\">Ordre des traducteurs, terminologues et interpr\u00e8tes agr\u00e9\u00e9s du Qu\u00e9bec<\/a>.<\/p>\n<p>Pour les personnes n\u00e9es \u00e0 l&rsquo;ext\u00e9rieur du Canada, on pourra \u00e9galement vous demander de pr\u00e9senter votre passeport.<\/p>\n<p>Pour une personne divorc\u00e9e nous aurons besoin du Certificat de divorce qui peut \u00eatre obtenu au Greffe du Palais de Justice. (Ce document comporte un num\u00e9ro d&rsquo;inscription et une date d&rsquo;entr\u00e9e en vigueur).<\/p>\n<p>Dans le cas o\u00f9 le\/la conjoint(e) du futur \u00e9poux\/\u00e9pouse est d\u00e9c\u00e9d\u00e9(e), vous devrez fournir le Certificat de d\u00e9c\u00e8s.<\/p>\n<\/div>\n<div class=\"question\">\n<h3>Le c\u00e9l\u00e9brant de Mariage \u00e0 votre Image s&rsquo;occupe-t-il de la pr\u00e9paration des documents l\u00e9gaux et de leur transmission au Directeur de l\u2019\u00e9tat civil du Qu\u00e9bec en vue de l\u2019enregistrement de notre mariage ?<\/h3>\n<p>Oui, le c\u00e9l\u00e9brant prend en charge les documents envoy\u00e9s au Directeur de l&rsquo;\u00e9tat civil du Qu\u00e9bec.<\/p>\n<p>Cependant, pour obtenir votre certificat de mariage, nous vous conseillons d&rsquo;attendre 2 \u00e0 3 semaines apr\u00e8s votre c\u00e9r\u00e9monie afin de donner le temps au Directeur de l&rsquo;\u00e9tat civil d&rsquo;enregistrer votre mariage.<\/p>\n<\/div>\n<div class=\"question\">\n<h3>Quelles sont les modalit\u00e9s de paiement ?<\/h3>\n<p>Un d\u00e9p\u00f4t de 300$ (non-remboursable) est requis lors de votre rencontre d\u2019ouverture de dossier. Sur r\u00e9ception de votre d\u00e9p\u00f4t, nous vous remettrons une confirmation de r\u00e9servation ainsi que votre re\u00e7u. Le solde est exigible un mois avant le mariage. Les paiements peuvent se faire par ch\u00e8que personnel, virement Interac ou comptant.<\/p>\n<\/div>\n<\/section>\n<p>&nbsp;<\/p>\n","protected":false},"excerpt":{"rendered":"<p>FAQ &#8211; Mariages Quel est le prix d\u2019une c\u00e9r\u00e9monie de mariage ? Notez qu&rsquo;il s&rsquo;agit d&rsquo;un montant \u00abclef en main\u00bb, qui couvre tous les frais: Ouverture de dossier La rencontre avec le pasteur c\u00e9l\u00e9brant Enregistrement de la demande Toutes les [&hellip;]<\/p>\n","protected":false},"author":1,"featured_media":0,"parent":0,"menu_order":0,"comment_status":"closed","ping_status":"closed","template":"","meta":{"footnotes":""},"class_list":["post-164","page","type-page","status-publish","hentry"],"yoast_head":"<!-- This site is optimized with the Yoast SEO plugin v23.2 - https:\/\/yoast.com\/wordpress\/plugins\/seo\/ -->\n<title>418 932-6399 Mariage civil au Qu\u00e9bec<\/title>\n<meta name=\"description\" content=\"Mariage civil au Qu\u00e9bec, Mariage religieux qu\u00e9bec,Mariage civil Qu\u00e9bec, c\u00e9l\u00e9brant mariage, C\u00e9l\u00e9brant de mariage, C\u00e9l\u00e9brant mariage Qu\u00e9bec, c\u00e9l\u00e9brant mariage civil\" \/>\n<meta name=\"robots\" content=\"index, follow, max-snippet:-1, max-image-preview:large, max-video-preview:-1\" \/>\n<link rel=\"canonical\" href=\"http:\/\/mariageavotreimage.com\/index.php\/questions-frequentes-mariage\/\" \/>\n<meta property=\"og:locale\" content=\"fr_CA\" \/>\n<meta property=\"og:type\" content=\"article\" \/>\n<meta property=\"og:title\" content=\"418 932-6399 Mariage civil au Qu\u00e9bec\" \/>\n<meta property=\"og:description\" content=\"Mariage civil au Qu\u00e9bec, Mariage religieux qu\u00e9bec,Mariage civil Qu\u00e9bec, c\u00e9l\u00e9brant mariage, C\u00e9l\u00e9brant de mariage, C\u00e9l\u00e9brant mariage Qu\u00e9bec, c\u00e9l\u00e9brant mariage civil\" \/>\n<meta property=\"og:url\" content=\"http:\/\/mariageavotreimage.com\/index.php\/questions-frequentes-mariage\/\" \/>\n<meta property=\"og:site_name\" content=\"C\u00e9l\u00e9brant mariage Qu\u00e9bec\" \/>\n<meta property=\"article:publisher\" content=\"https:\/\/www.facebook.com\/mariage.avotreimage?fref=ts\" \/>\n<meta property=\"article:modified_time\" content=\"2024-09-19T20:36:42+00:00\" \/>\n<meta name=\"twitter:card\" content=\"summary_large_image\" \/>\n<meta name=\"twitter:site\" content=\"@celebranmariage\" \/>\n<meta name=\"twitter:label1\" content=\"Estimation du temps de lecture\" \/>\n\t<meta name=\"twitter:data1\" content=\"2 minutes\" \/>\n<script type=\"application\/ld+json\" class=\"yoast-schema-graph\">{\"@context\":\"https:\/\/schema.org\",\"@graph\":[{\"@type\":\"WebPage\",\"@id\":\"http:\/\/mariageavotreimage.com\/index.php\/questions-frequentes-mariage\/\",\"url\":\"http:\/\/mariageavotreimage.com\/index.php\/questions-frequentes-mariage\/\",\"name\":\"418 932-6399 Mariage civil au Qu\u00e9bec\",\"isPartOf\":{\"@id\":\"http:\/\/mariageavotreimage.com\/#website\"},\"datePublished\":\"2015-05-27T05:07:16+00:00\",\"dateModified\":\"2024-09-19T20:36:42+00:00\",\"description\":\"Mariage civil au Qu\u00e9bec, Mariage religieux qu\u00e9bec,Mariage civil Qu\u00e9bec, c\u00e9l\u00e9brant mariage, C\u00e9l\u00e9brant de mariage, C\u00e9l\u00e9brant mariage Qu\u00e9bec, c\u00e9l\u00e9brant mariage civil\",\"breadcrumb\":{\"@id\":\"http:\/\/mariageavotreimage.com\/index.php\/questions-frequentes-mariage\/#breadcrumb\"},\"inLanguage\":\"fr-CA\",\"potentialAction\":[{\"@type\":\"ReadAction\",\"target\":[\"http:\/\/mariageavotreimage.com\/index.php\/questions-frequentes-mariage\/\"]}]},{\"@type\":\"BreadcrumbList\",\"@id\":\"http:\/\/mariageavotreimage.com\/index.php\/questions-frequentes-mariage\/#breadcrumb\",\"itemListElement\":[{\"@type\":\"ListItem\",\"position\":1,\"name\":\"Home\",\"item\":\"http:\/\/mariageavotreimage.com\/\"},{\"@type\":\"ListItem\",\"position\":2,\"name\":\"Questions fr\u00e9quentes &#8211; Mariage\"}]},{\"@type\":\"WebSite\",\"@id\":\"http:\/\/mariageavotreimage.com\/#website\",\"url\":\"http:\/\/mariageavotreimage.com\/\",\"name\":\"C\u00e9l\u00e9brant mariage Qu\u00e9bec\",\"description\":\"C\u00e9l\u00e9brant mariage\",\"potentialAction\":[{\"@type\":\"SearchAction\",\"target\":{\"@type\":\"EntryPoint\",\"urlTemplate\":\"http:\/\/mariageavotreimage.com\/?s={search_term_string}\"},\"query-input\":\"required name=search_term_string\"}],\"inLanguage\":\"fr-CA\"}]}<\/script>\n<!-- \/ Yoast SEO plugin. -->","yoast_head_json":{"title":"418 932-6399 Mariage civil au Qu\u00e9bec","description":"Mariage civil au Qu\u00e9bec, Mariage religieux qu\u00e9bec,Mariage civil Qu\u00e9bec, c\u00e9l\u00e9brant mariage, C\u00e9l\u00e9brant de mariage, C\u00e9l\u00e9brant mariage Qu\u00e9bec, c\u00e9l\u00e9brant mariage civil","robots":{"index":"index","follow":"follow","max-snippet":"max-snippet:-1","max-image-preview":"max-image-preview:large","max-video-preview":"max-video-preview:-1"},"canonical":"http:\/\/mariageavotreimage.com\/index.php\/questions-frequentes-mariage\/","og_locale":"fr_CA","og_type":"article","og_title":"418 932-6399 Mariage civil au Qu\u00e9bec","og_description":"Mariage civil au Qu\u00e9bec, Mariage religieux qu\u00e9bec,Mariage civil Qu\u00e9bec, c\u00e9l\u00e9brant mariage, C\u00e9l\u00e9brant de mariage, C\u00e9l\u00e9brant mariage Qu\u00e9bec, c\u00e9l\u00e9brant mariage civil","og_url":"http:\/\/mariageavotreimage.com\/index.php\/questions-frequentes-mariage\/","og_site_name":"C\u00e9l\u00e9brant mariage Qu\u00e9bec","article_publisher":"https:\/\/www.facebook.com\/mariage.avotreimage?fref=ts","article_modified_time":"2024-09-19T20:36:42+00:00","twitter_card":"summary_large_image","twitter_site":"@celebranmariage","twitter_misc":{"Estimation du temps de lecture":"2 minutes"},"schema":{"@context":"https:\/\/schema.org","@graph":[{"@type":"WebPage","@id":"http:\/\/mariageavotreimage.com\/index.php\/questions-frequentes-mariage\/","url":"http:\/\/mariageavotreimage.com\/index.php\/questions-frequentes-mariage\/","name":"418 932-6399 Mariage civil au Qu\u00e9bec","isPartOf":{"@id":"http:\/\/mariageavotreimage.com\/#website"},"datePublished":"2015-05-27T05:07:16+00:00","dateModified":"2024-09-19T20:36:42+00:00","description":"Mariage civil au Qu\u00e9bec, Mariage religieux qu\u00e9bec,Mariage civil Qu\u00e9bec, c\u00e9l\u00e9brant mariage, C\u00e9l\u00e9brant de mariage, C\u00e9l\u00e9brant mariage Qu\u00e9bec, c\u00e9l\u00e9brant mariage civil","breadcrumb":{"@id":"http:\/\/mariageavotreimage.com\/index.php\/questions-frequentes-mariage\/#breadcrumb"},"inLanguage":"fr-CA","potentialAction":[{"@type":"ReadAction","target":["http:\/\/mariageavotreimage.com\/index.php\/questions-frequentes-mariage\/"]}]},{"@type":"BreadcrumbList","@id":"http:\/\/mariageavotreimage.com\/index.php\/questions-frequentes-mariage\/#breadcrumb","itemListElement":[{"@type":"ListItem","position":1,"name":"Home","item":"http:\/\/mariageavotreimage.com\/"},{"@type":"ListItem","position":2,"name":"Questions fr\u00e9quentes &#8211; Mariage"}]},{"@type":"WebSite","@id":"http:\/\/mariageavotreimage.com\/#website","url":"http:\/\/mariageavotreimage.com\/","name":"C\u00e9l\u00e9brant mariage Qu\u00e9bec","description":"C\u00e9l\u00e9brant mariage","potentialAction":[{"@type":"SearchAction","target":{"@type":"EntryPoint","urlTemplate":"http:\/\/mariageavotreimage.com\/?s={search_term_string}"},"query-input":"required name=search_term_string"}],"inLanguage":"fr-CA"}]}},"_links":{"self":[{"href":"http:\/\/mariageavotreimage.com\/index.php\/wp-json\/wp\/v2\/pages\/164"}],"collection":[{"href":"http:\/\/mariageavotreimage.com\/index.php\/wp-json\/wp\/v2\/pages"}],"about":[{"href":"http:\/\/mariageavotreimage.com\/index.php\/wp-json\/wp\/v2\/types\/page"}],"author":[{"embeddable":true,"href":"http:\/\/mariageavotreimage.com\/index.php\/wp-json\/wp\/v2\/users\/1"}],"replies":[{"embeddable":true,"href":"http:\/\/mariageavotreimage.com\/index.php\/wp-json\/wp\/v2\/comments?post=164"}],"version-history":[{"count":5,"href":"http:\/\/mariageavotreimage.com\/index.php\/wp-json\/wp\/v2\/pages\/164\/revisions"}],"predecessor-version":[{"id":3695,"href":"http:\/\/mariageavotreimage.com\/index.php\/wp-json\/wp\/v2\/pages\/164\/revisions\/3695"}],"wp:attachment":[{"href":"http:\/\/mariageavotreimage.com\/index.php\/wp-json\/wp\/v2\/media?parent=164"}],"curies":[{"name":"wp","href":"https:\/\/api.w.org\/{rel}","templated":true}]}}