{"id":166,"date":"2015-05-27T05:07:48","date_gmt":"2015-05-27T05:07:48","guid":{"rendered":"http:\/\/mariageavotreimage.com\/?page_id=166"},"modified":"2024-09-19T20:38:16","modified_gmt":"2024-09-19T20:38:16","slug":"questions-frequentes-bapteme","status":"publish","type":"page","link":"http:\/\/mariageavotreimage.com\/index.php\/questions-frequentes-bapteme\/","title":{"rendered":"Questions fr\u00e9quentes &#8211; Bapt\u00eame"},"content":{"rendered":"<p>&nbsp;<\/p>\n<section id=\"faq\">\n<h2>FAQ &#8211; Bapt\u00eames<\/h2>\n<div class=\"question\">\n<h3>Le bapt\u00eame permet-il l&rsquo;enregistrement de l&rsquo;enfant aupr\u00e8s du gouvernement ?<\/h3>\n<p>Les enregistrements aupr\u00e8s du gouvernement sont faits \u00e0 la naissance de l&rsquo;enfant et non au bapt\u00eame.<\/p>\n<\/div>\n<div class=\"question\">\n<h3>Est-ce que ce bapt\u00eame permettra \u00e0 l&rsquo;enfant de se marier plus tard ?<\/h3>\n<p>C&rsquo;est le certificat de naissance de l&rsquo;enfant, enregistr\u00e9 \u00e0 sa naissance, dont il aura besoin pour se marier, et non un certificat de bapt\u00eame.<\/p>\n<\/div>\n<div class=\"question\">\n<h3>De quelle sorte de bapt\u00eame s&rsquo;agit-il ?<\/h3>\n<p>Il s&rsquo;agit d&rsquo;un bapt\u00eame spirituel d\u2019amour.<\/p>\n<\/div>\n<div class=\"question\">\n<h3>Quelle est la diff\u00e9rence entre un bapt\u00eame spirituel d\u2019amour et un bapt\u00eame religieux \u00e0 l&rsquo;\u00e9glise ?<\/h3>\n<p>Tous deux sont des rituels sacr\u00e9s. Le reste rel\u00e8ve de la croyance personnelle.<\/p>\n<\/div>\n<div class=\"question\">\n<h3>Quelles sont les conditions religieuses, l\u00e9gales ou juridiques pour baptiser mon enfant ?<\/h3>\n<p>Aucune condition particuli\u00e8re n&rsquo;est requise.<\/p>\n<\/div>\n<div class=\"question\">\n<h3>Quels documents devons-nous fournir pour le bapt\u00eame ?<\/h3>\n<p>Aucun document n&rsquo;est n\u00e9cessaire.<\/p>\n<\/div>\n<div class=\"question\">\n<h3>Est-ce que vous fournissez un document attestant que le bapt\u00eame a eu lieu ?<\/h3>\n<p>Oui, nous vous remettons un certificat officiel de bapt\u00eame de notre organisation, sign\u00e9 par le pasteur c\u00e9l\u00e9brant.<\/p>\n<\/div>\n<div class=\"question\">\n<h3>\u00c0 quel endroit pouvons-nous c\u00e9l\u00e9brer un bapt\u00eame ?<\/h3>\n<p>Partout o\u00f9 vous le d\u00e9sirez.<\/p>\n<\/div>\n<div class=\"question\">\n<h3>Quelle est la dur\u00e9e d&rsquo;une c\u00e9r\u00e9monie de bapt\u00eame ?<\/h3>\n<p>La c\u00e9r\u00e9monie de bapt\u00eame dure environ de 25 \u00e0 30 minutes.<\/p>\n<\/div>\n<div class=\"question\">\n<h3>Quand pouvons-nous c\u00e9l\u00e9brer un bapt\u00eame ?<\/h3>\n<p>Vous pouvez c\u00e9l\u00e9brer un bapt\u00eame au moment qui vous convient, que ce soit en semaine, le week-end, de jour ou en soir\u00e9e.<\/p>\n<\/div>\n<div class=\"question\">\n<h3>Les proches peuvent-ils participer durant la c\u00e9r\u00e9monie du bapt\u00eame ?<\/h3>\n<p>Oui, nous encourageons grandement la participation des proches. Vous pouvez pr\u00e9voir un temps pour lire un texte, un po\u00e8me, ou jouer d&rsquo;un instrument de musique.<\/p>\n<\/div>\n<div class=\"question\">\n<h3>Quel est le prix d&rsquo;une c\u00e9l\u00e9bration de bapt\u00eame ?<\/h3>\n<p>Le prix varie en fonction de la distance que le c\u00e9l\u00e9brant de votre r\u00e9gion doit parcourir.<\/p>\n<p>Notez qu&rsquo;il s&rsquo;agit d&rsquo;un montant \u00abclef en main\u00bb, qui couvre tous les frais:<\/p>\n<ul>\n<li>Ouverture de dossier<\/li>\n<li>Le d\u00e9placement du c\u00e9l\u00e9brant<\/li>\n<li>La c\u00e9r\u00e9monie du bapt\u00eame<\/li>\n<\/ul>\n<p>Contactez-nous pour obtenir le prix exact associ\u00e9 \u00e0 votre lieu de c\u00e9l\u00e9bration.<\/p>\n<\/div>\n<div class=\"question\">\n<h3>Quelles sont les modalit\u00e9s de paiement ?<\/h3>\n<p>Un d\u00e9p\u00f4t de 200$ (non-remboursable) est requis lors de votre rencontre d\u2019ouverture de dossier. Sur r\u00e9ception de votre d\u00e9p\u00f4t, nous vous remettrons votre re\u00e7u. Le solde est exigible la journ\u00e9e m\u00eame de la c\u00e9r\u00e9monie. Les paiements peuvent se faire par ch\u00e8que personnel, virement Interac ou comptant.<\/p>\n<\/div>\n<\/section>\n<p>&nbsp;<\/p>\n","protected":false},"excerpt":{"rendered":"<p>&nbsp; FAQ &#8211; Bapt\u00eames Le bapt\u00eame permet-il l&rsquo;enregistrement de l&rsquo;enfant aupr\u00e8s du gouvernement ? Les enregistrements aupr\u00e8s du gouvernement sont faits \u00e0 la naissance de l&rsquo;enfant et non au bapt\u00eame. Est-ce que ce bapt\u00eame permettra \u00e0 l&rsquo;enfant de se marier [&hellip;]<\/p>\n","protected":false},"author":1,"featured_media":0,"parent":0,"menu_order":0,"comment_status":"closed","ping_status":"closed","template":"","meta":{"footnotes":""},"class_list":["post-166","page","type-page","status-publish","hentry"],"yoast_head":"<!-- This site is optimized with the Yoast SEO plugin v23.2 - https:\/\/yoast.com\/wordpress\/plugins\/seo\/ -->\n<title>418 932-6399 Bapt\u00eame c\u00e9l\u00e9bration - organiser un bapteme<\/title>\n<meta name=\"description\" content=\"voeux de bapteme, organiser un bapteme, preparation au bapteme, comment organiser un bapteme, bapteme fille, bapteme\" \/>\n<meta name=\"robots\" content=\"index, follow, max-snippet:-1, max-image-preview:large, max-video-preview:-1\" \/>\n<link rel=\"canonical\" href=\"http:\/\/mariageavotreimage.com\/index.php\/questions-frequentes-bapteme\/\" \/>\n<meta property=\"og:locale\" content=\"fr_CA\" \/>\n<meta property=\"og:type\" content=\"article\" \/>\n<meta property=\"og:title\" content=\"418 932-6399 Bapt\u00eame c\u00e9l\u00e9bration - organiser un bapteme\" \/>\n<meta property=\"og:description\" content=\"voeux de bapteme, organiser un bapteme, preparation au bapteme, comment organiser un bapteme, bapteme fille, bapteme\" \/>\n<meta property=\"og:url\" content=\"http:\/\/mariageavotreimage.com\/index.php\/questions-frequentes-bapteme\/\" \/>\n<meta property=\"og:site_name\" content=\"C\u00e9l\u00e9brant mariage Qu\u00e9bec\" \/>\n<meta property=\"article:publisher\" content=\"https:\/\/www.facebook.com\/mariage.avotreimage?fref=ts\" \/>\n<meta property=\"article:modified_time\" content=\"2024-09-19T20:38:16+00:00\" \/>\n<meta name=\"twitter:card\" content=\"summary_large_image\" \/>\n<meta name=\"twitter:site\" content=\"@celebranmariage\" \/>\n<meta name=\"twitter:label1\" content=\"Estimation du temps de lecture\" \/>\n\t<meta name=\"twitter:data1\" content=\"2 minutes\" \/>\n<script type=\"application\/ld+json\" class=\"yoast-schema-graph\">{\"@context\":\"https:\/\/schema.org\",\"@graph\":[{\"@type\":\"WebPage\",\"@id\":\"http:\/\/mariageavotreimage.com\/index.php\/questions-frequentes-bapteme\/\",\"url\":\"http:\/\/mariageavotreimage.com\/index.php\/questions-frequentes-bapteme\/\",\"name\":\"418 932-6399 Bapt\u00eame c\u00e9l\u00e9bration - organiser un bapteme\",\"isPartOf\":{\"@id\":\"http:\/\/mariageavotreimage.com\/#website\"},\"datePublished\":\"2015-05-27T05:07:48+00:00\",\"dateModified\":\"2024-09-19T20:38:16+00:00\",\"description\":\"voeux de bapteme, organiser un bapteme, preparation au bapteme, comment organiser un bapteme, bapteme fille, bapteme\",\"breadcrumb\":{\"@id\":\"http:\/\/mariageavotreimage.com\/index.php\/questions-frequentes-bapteme\/#breadcrumb\"},\"inLanguage\":\"fr-CA\",\"potentialAction\":[{\"@type\":\"ReadAction\",\"target\":[\"http:\/\/mariageavotreimage.com\/index.php\/questions-frequentes-bapteme\/\"]}]},{\"@type\":\"BreadcrumbList\",\"@id\":\"http:\/\/mariageavotreimage.com\/index.php\/questions-frequentes-bapteme\/#breadcrumb\",\"itemListElement\":[{\"@type\":\"ListItem\",\"position\":1,\"name\":\"Home\",\"item\":\"http:\/\/mariageavotreimage.com\/\"},{\"@type\":\"ListItem\",\"position\":2,\"name\":\"Questions fr\u00e9quentes &#8211; Bapt\u00eame\"}]},{\"@type\":\"WebSite\",\"@id\":\"http:\/\/mariageavotreimage.com\/#website\",\"url\":\"http:\/\/mariageavotreimage.com\/\",\"name\":\"C\u00e9l\u00e9brant mariage Qu\u00e9bec\",\"description\":\"C\u00e9l\u00e9brant mariage\",\"potentialAction\":[{\"@type\":\"SearchAction\",\"target\":{\"@type\":\"EntryPoint\",\"urlTemplate\":\"http:\/\/mariageavotreimage.com\/?s={search_term_string}\"},\"query-input\":\"required name=search_term_string\"}],\"inLanguage\":\"fr-CA\"}]}<\/script>\n<!-- \/ Yoast SEO plugin. -->","yoast_head_json":{"title":"418 932-6399 Bapt\u00eame c\u00e9l\u00e9bration - organiser un bapteme","description":"voeux de bapteme, organiser un bapteme, preparation au bapteme, comment organiser un bapteme, bapteme fille, bapteme","robots":{"index":"index","follow":"follow","max-snippet":"max-snippet:-1","max-image-preview":"max-image-preview:large","max-video-preview":"max-video-preview:-1"},"canonical":"http:\/\/mariageavotreimage.com\/index.php\/questions-frequentes-bapteme\/","og_locale":"fr_CA","og_type":"article","og_title":"418 932-6399 Bapt\u00eame c\u00e9l\u00e9bration - organiser un bapteme","og_description":"voeux de bapteme, organiser un bapteme, preparation au bapteme, comment organiser un bapteme, bapteme fille, bapteme","og_url":"http:\/\/mariageavotreimage.com\/index.php\/questions-frequentes-bapteme\/","og_site_name":"C\u00e9l\u00e9brant mariage Qu\u00e9bec","article_publisher":"https:\/\/www.facebook.com\/mariage.avotreimage?fref=ts","article_modified_time":"2024-09-19T20:38:16+00:00","twitter_card":"summary_large_image","twitter_site":"@celebranmariage","twitter_misc":{"Estimation du temps de lecture":"2 minutes"},"schema":{"@context":"https:\/\/schema.org","@graph":[{"@type":"WebPage","@id":"http:\/\/mariageavotreimage.com\/index.php\/questions-frequentes-bapteme\/","url":"http:\/\/mariageavotreimage.com\/index.php\/questions-frequentes-bapteme\/","name":"418 932-6399 Bapt\u00eame c\u00e9l\u00e9bration - organiser un bapteme","isPartOf":{"@id":"http:\/\/mariageavotreimage.com\/#website"},"datePublished":"2015-05-27T05:07:48+00:00","dateModified":"2024-09-19T20:38:16+00:00","description":"voeux de bapteme, organiser un bapteme, preparation au bapteme, comment organiser un bapteme, bapteme fille, bapteme","breadcrumb":{"@id":"http:\/\/mariageavotreimage.com\/index.php\/questions-frequentes-bapteme\/#breadcrumb"},"inLanguage":"fr-CA","potentialAction":[{"@type":"ReadAction","target":["http:\/\/mariageavotreimage.com\/index.php\/questions-frequentes-bapteme\/"]}]},{"@type":"BreadcrumbList","@id":"http:\/\/mariageavotreimage.com\/index.php\/questions-frequentes-bapteme\/#breadcrumb","itemListElement":[{"@type":"ListItem","position":1,"name":"Home","item":"http:\/\/mariageavotreimage.com\/"},{"@type":"ListItem","position":2,"name":"Questions fr\u00e9quentes &#8211; Bapt\u00eame"}]},{"@type":"WebSite","@id":"http:\/\/mariageavotreimage.com\/#website","url":"http:\/\/mariageavotreimage.com\/","name":"C\u00e9l\u00e9brant mariage Qu\u00e9bec","description":"C\u00e9l\u00e9brant mariage","potentialAction":[{"@type":"SearchAction","target":{"@type":"EntryPoint","urlTemplate":"http:\/\/mariageavotreimage.com\/?s={search_term_string}"},"query-input":"required name=search_term_string"}],"inLanguage":"fr-CA"}]}},"_links":{"self":[{"href":"http:\/\/mariageavotreimage.com\/index.php\/wp-json\/wp\/v2\/pages\/166"}],"collection":[{"href":"http:\/\/mariageavotreimage.com\/index.php\/wp-json\/wp\/v2\/pages"}],"about":[{"href":"http:\/\/mariageavotreimage.com\/index.php\/wp-json\/wp\/v2\/types\/page"}],"author":[{"embeddable":true,"href":"http:\/\/mariageavotreimage.com\/index.php\/wp-json\/wp\/v2\/users\/1"}],"replies":[{"embeddable":true,"href":"http:\/\/mariageavotreimage.com\/index.php\/wp-json\/wp\/v2\/comments?post=166"}],"version-history":[{"count":6,"href":"http:\/\/mariageavotreimage.com\/index.php\/wp-json\/wp\/v2\/pages\/166\/revisions"}],"predecessor-version":[{"id":3697,"href":"http:\/\/mariageavotreimage.com\/index.php\/wp-json\/wp\/v2\/pages\/166\/revisions\/3697"}],"wp:attachment":[{"href":"http:\/\/mariageavotreimage.com\/index.php\/wp-json\/wp\/v2\/media?parent=166"}],"curies":[{"name":"wp","href":"https:\/\/api.w.org\/{rel}","templated":true}]}}