{"id":30,"date":"2015-05-23T21:47:18","date_gmt":"2015-05-23T21:47:18","guid":{"rendered":"http:\/\/mariageavotreimage.com\/?page_id=30"},"modified":"2024-09-19T20:27:58","modified_gmt":"2024-09-19T20:27:58","slug":"notre-equipe","status":"publish","type":"page","link":"http:\/\/mariageavotreimage.com\/index.php\/notre-equipe\/","title":{"rendered":"Notre \u00e9quipe"},"content":{"rendered":"<p><strong><span style=\"text-decoration: underline;\"><img fetchpriority=\"high\" decoding=\"async\" class=\" wp-image-234 alignleft\" src=\"http:\/\/mariageavotreimage.com\/wp-content\/uploads\/2015\/05\/Mariage-celebrant-quebec-mariage.jpg\" alt=\"Mariage celebrant quebec mariage\" width=\"293\" height=\"440\" srcset=\"http:\/\/mariageavotreimage.com\/wp-content\/uploads\/2015\/05\/Mariage-celebrant-quebec-mariage.jpg 320w, http:\/\/mariageavotreimage.com\/wp-content\/uploads\/2015\/05\/Mariage-celebrant-quebec-mariage-200x300.jpg 200w\" sizes=\"(max-width: 293px) 100vw, 293px\" \/>R\u00e9v. Johanne B\u00e9rub\u00e9<\/span><\/strong><\/p>\n<p><span style=\"color: #999999;\"><em> Permis # 50735<\/em><\/span><\/p>\n<p>Pr\u00e9sidente et Co-fondatrice, Ministre ordonn\u00e9e et coordonnatrice de la r\u00e9gion de Qu\u00e9bec.<\/p>\n<p>Accr\u00e9dit\u00e9e par le directeur du bureau de <a href=\"http:\/\/www.etatcivil.gouv.qc.ca\/\"><strong>l\u2019\u00c9tat civil du Qu\u00e9bec<\/strong><\/a>, pour les mariages civils, unions civils, renouvellement de voeux, bapt\u00eame, fian\u00e7ailles,\u00a0 fun\u00e9railles ainsi que conseill\u00e8re.<\/p>\n<p>Elle consacre sa vie avec son \u00e9quipe\u00a0\u00e0 croire en votre amour et \u00e0 cette flamme qui brille dans\u00a0votre c\u0153ur et\u00a0dans votre \u00e2me.<\/p>\n<p>Elle vous re\u00e7oit pour une c\u00e9l\u00e9bration sans jugement<\/p>\n<p>L\u2019important c\u2019est votre amour.<\/p>\n<p>Au plaisir d\u2019\u00eatre votre c\u00e9l\u00e9brante et de partager un moment de votre vie qui j\u2019esp\u00e8re \u00e9ternel.<\/p>\n<h2><\/h2>\n<h1><div class=\"su-heading su-heading-style-default su-heading-align-center\" id=\"\" style=\"font-size:13px;margin-bottom:20px\"><div class=\"su-heading-inner\"><strong>Notre \u00e9quipe de c\u00e9l\u00e9brants:<\/strong><\/div><\/div><\/h1>\n<h2><\/h2>\n<p style=\"text-align: center;\">\n","protected":false},"excerpt":{"rendered":"<p>R\u00e9v. Johanne B\u00e9rub\u00e9 Permis # 50735 Pr\u00e9sidente et Co-fondatrice, Ministre ordonn\u00e9e et coordonnatrice de la r\u00e9gion de Qu\u00e9bec. Accr\u00e9dit\u00e9e par le directeur du bureau de l\u2019\u00c9tat civil du Qu\u00e9bec, pour les mariages civils, unions civils, renouvellement de voeux, bapt\u00eame, fian\u00e7ailles,\u00a0 [&hellip;]<\/p>\n","protected":false},"author":1,"featured_media":0,"parent":0,"menu_order":0,"comment_status":"closed","ping_status":"closed","template":"","meta":{"footnotes":""},"class_list":["post-30","page","type-page","status-publish","hentry"],"yoast_head":"<!-- This site is optimized with the Yoast SEO plugin v23.2 - https:\/\/yoast.com\/wordpress\/plugins\/seo\/ -->\n<title>418 932-6399 mariage civile qu\u00e9bec<\/title>\n<meta name=\"description\" content=\"Pr\u00e9paration mariage, fun\u00e9railles religieuses, c\u00e9l\u00e9brant qu\u00e9bec, fun\u00e9railles catholiques, mariage civile qu\u00e9bec, fun\u00e9railles nationales, fun\u00e9railles juives\" \/>\n<meta name=\"robots\" content=\"index, follow, max-snippet:-1, max-image-preview:large, max-video-preview:-1\" \/>\n<link rel=\"canonical\" href=\"https:\/\/mariageavotreimage.com\/index.php\/notre-equipe\/\" \/>\n<meta property=\"og:locale\" content=\"fr_CA\" \/>\n<meta property=\"og:type\" content=\"article\" \/>\n<meta property=\"og:title\" content=\"418 932-6399 mariage civile qu\u00e9bec\" \/>\n<meta property=\"og:description\" content=\"Pr\u00e9paration mariage, fun\u00e9railles religieuses, c\u00e9l\u00e9brant qu\u00e9bec, fun\u00e9railles catholiques, mariage civile qu\u00e9bec, fun\u00e9railles nationales, fun\u00e9railles juives\" \/>\n<meta property=\"og:url\" content=\"https:\/\/mariageavotreimage.com\/index.php\/notre-equipe\/\" \/>\n<meta property=\"og:site_name\" content=\"C\u00e9l\u00e9brant mariage Qu\u00e9bec\" \/>\n<meta property=\"article:publisher\" content=\"https:\/\/www.facebook.com\/mariage.avotreimage?fref=ts\" \/>\n<meta property=\"article:modified_time\" content=\"2024-09-19T20:27:58+00:00\" \/>\n<meta property=\"og:image\" content=\"http:\/\/mariageavotreimage.com\/wp-content\/uploads\/2015\/05\/Mariage-celebrant-quebec-mariage.jpg\" \/>\n<meta name=\"twitter:card\" content=\"summary_large_image\" \/>\n<meta name=\"twitter:site\" content=\"@celebranmariage\" \/>\n<meta name=\"twitter:label1\" content=\"Estimation du temps de lecture\" \/>\n\t<meta name=\"twitter:data1\" content=\"1 minute\" \/>\n<script type=\"application\/ld+json\" class=\"yoast-schema-graph\">{\"@context\":\"https:\/\/schema.org\",\"@graph\":[{\"@type\":\"WebPage\",\"@id\":\"https:\/\/mariageavotreimage.com\/index.php\/notre-equipe\/\",\"url\":\"https:\/\/mariageavotreimage.com\/index.php\/notre-equipe\/\",\"name\":\"418 932-6399 mariage civile qu\u00e9bec\",\"isPartOf\":{\"@id\":\"http:\/\/mariageavotreimage.com\/#website\"},\"primaryImageOfPage\":{\"@id\":\"https:\/\/mariageavotreimage.com\/index.php\/notre-equipe\/#primaryimage\"},\"image\":{\"@id\":\"https:\/\/mariageavotreimage.com\/index.php\/notre-equipe\/#primaryimage\"},\"thumbnailUrl\":\"http:\/\/mariageavotreimage.com\/wp-content\/uploads\/2015\/05\/Mariage-celebrant-quebec-mariage.jpg\",\"datePublished\":\"2015-05-23T21:47:18+00:00\",\"dateModified\":\"2024-09-19T20:27:58+00:00\",\"description\":\"Pr\u00e9paration mariage, fun\u00e9railles religieuses, c\u00e9l\u00e9brant qu\u00e9bec, fun\u00e9railles catholiques, mariage civile qu\u00e9bec, fun\u00e9railles nationales, fun\u00e9railles juives\",\"breadcrumb\":{\"@id\":\"https:\/\/mariageavotreimage.com\/index.php\/notre-equipe\/#breadcrumb\"},\"inLanguage\":\"fr-CA\",\"potentialAction\":[{\"@type\":\"ReadAction\",\"target\":[\"https:\/\/mariageavotreimage.com\/index.php\/notre-equipe\/\"]}]},{\"@type\":\"ImageObject\",\"inLanguage\":\"fr-CA\",\"@id\":\"https:\/\/mariageavotreimage.com\/index.php\/notre-equipe\/#primaryimage\",\"url\":\"http:\/\/mariageavotreimage.com\/wp-content\/uploads\/2015\/05\/Mariage-celebrant-quebec-mariage.jpg\",\"contentUrl\":\"http:\/\/mariageavotreimage.com\/wp-content\/uploads\/2015\/05\/Mariage-celebrant-quebec-mariage.jpg\",\"width\":320,\"height\":480,\"caption\":\"planification mariage\"},{\"@type\":\"BreadcrumbList\",\"@id\":\"https:\/\/mariageavotreimage.com\/index.php\/notre-equipe\/#breadcrumb\",\"itemListElement\":[{\"@type\":\"ListItem\",\"position\":1,\"name\":\"Home\",\"item\":\"http:\/\/mariageavotreimage.com\/\"},{\"@type\":\"ListItem\",\"position\":2,\"name\":\"Notre \u00e9quipe\"}]},{\"@type\":\"WebSite\",\"@id\":\"http:\/\/mariageavotreimage.com\/#website\",\"url\":\"http:\/\/mariageavotreimage.com\/\",\"name\":\"C\u00e9l\u00e9brant mariage Qu\u00e9bec\",\"description\":\"C\u00e9l\u00e9brant mariage\",\"potentialAction\":[{\"@type\":\"SearchAction\",\"target\":{\"@type\":\"EntryPoint\",\"urlTemplate\":\"http:\/\/mariageavotreimage.com\/?s={search_term_string}\"},\"query-input\":\"required name=search_term_string\"}],\"inLanguage\":\"fr-CA\"}]}<\/script>\n<!-- \/ Yoast SEO plugin. -->","yoast_head_json":{"title":"418 932-6399 mariage civile qu\u00e9bec","description":"Pr\u00e9paration mariage, fun\u00e9railles religieuses, c\u00e9l\u00e9brant qu\u00e9bec, fun\u00e9railles catholiques, mariage civile qu\u00e9bec, fun\u00e9railles nationales, fun\u00e9railles juives","robots":{"index":"index","follow":"follow","max-snippet":"max-snippet:-1","max-image-preview":"max-image-preview:large","max-video-preview":"max-video-preview:-1"},"canonical":"https:\/\/mariageavotreimage.com\/index.php\/notre-equipe\/","og_locale":"fr_CA","og_type":"article","og_title":"418 932-6399 mariage civile qu\u00e9bec","og_description":"Pr\u00e9paration mariage, fun\u00e9railles religieuses, c\u00e9l\u00e9brant qu\u00e9bec, fun\u00e9railles catholiques, mariage civile qu\u00e9bec, fun\u00e9railles nationales, fun\u00e9railles juives","og_url":"https:\/\/mariageavotreimage.com\/index.php\/notre-equipe\/","og_site_name":"C\u00e9l\u00e9brant mariage Qu\u00e9bec","article_publisher":"https:\/\/www.facebook.com\/mariage.avotreimage?fref=ts","article_modified_time":"2024-09-19T20:27:58+00:00","og_image":[{"url":"http:\/\/mariageavotreimage.com\/wp-content\/uploads\/2015\/05\/Mariage-celebrant-quebec-mariage.jpg"}],"twitter_card":"summary_large_image","twitter_site":"@celebranmariage","twitter_misc":{"Estimation du temps de lecture":"1 minute"},"schema":{"@context":"https:\/\/schema.org","@graph":[{"@type":"WebPage","@id":"https:\/\/mariageavotreimage.com\/index.php\/notre-equipe\/","url":"https:\/\/mariageavotreimage.com\/index.php\/notre-equipe\/","name":"418 932-6399 mariage civile qu\u00e9bec","isPartOf":{"@id":"http:\/\/mariageavotreimage.com\/#website"},"primaryImageOfPage":{"@id":"https:\/\/mariageavotreimage.com\/index.php\/notre-equipe\/#primaryimage"},"image":{"@id":"https:\/\/mariageavotreimage.com\/index.php\/notre-equipe\/#primaryimage"},"thumbnailUrl":"http:\/\/mariageavotreimage.com\/wp-content\/uploads\/2015\/05\/Mariage-celebrant-quebec-mariage.jpg","datePublished":"2015-05-23T21:47:18+00:00","dateModified":"2024-09-19T20:27:58+00:00","description":"Pr\u00e9paration mariage, fun\u00e9railles religieuses, c\u00e9l\u00e9brant qu\u00e9bec, fun\u00e9railles catholiques, mariage civile qu\u00e9bec, fun\u00e9railles nationales, fun\u00e9railles juives","breadcrumb":{"@id":"https:\/\/mariageavotreimage.com\/index.php\/notre-equipe\/#breadcrumb"},"inLanguage":"fr-CA","potentialAction":[{"@type":"ReadAction","target":["https:\/\/mariageavotreimage.com\/index.php\/notre-equipe\/"]}]},{"@type":"ImageObject","inLanguage":"fr-CA","@id":"https:\/\/mariageavotreimage.com\/index.php\/notre-equipe\/#primaryimage","url":"http:\/\/mariageavotreimage.com\/wp-content\/uploads\/2015\/05\/Mariage-celebrant-quebec-mariage.jpg","contentUrl":"http:\/\/mariageavotreimage.com\/wp-content\/uploads\/2015\/05\/Mariage-celebrant-quebec-mariage.jpg","width":320,"height":480,"caption":"planification mariage"},{"@type":"BreadcrumbList","@id":"https:\/\/mariageavotreimage.com\/index.php\/notre-equipe\/#breadcrumb","itemListElement":[{"@type":"ListItem","position":1,"name":"Home","item":"http:\/\/mariageavotreimage.com\/"},{"@type":"ListItem","position":2,"name":"Notre \u00e9quipe"}]},{"@type":"WebSite","@id":"http:\/\/mariageavotreimage.com\/#website","url":"http:\/\/mariageavotreimage.com\/","name":"C\u00e9l\u00e9brant mariage Qu\u00e9bec","description":"C\u00e9l\u00e9brant mariage","potentialAction":[{"@type":"SearchAction","target":{"@type":"EntryPoint","urlTemplate":"http:\/\/mariageavotreimage.com\/?s={search_term_string}"},"query-input":"required name=search_term_string"}],"inLanguage":"fr-CA"}]}},"_links":{"self":[{"href":"http:\/\/mariageavotreimage.com\/index.php\/wp-json\/wp\/v2\/pages\/30"}],"collection":[{"href":"http:\/\/mariageavotreimage.com\/index.php\/wp-json\/wp\/v2\/pages"}],"about":[{"href":"http:\/\/mariageavotreimage.com\/index.php\/wp-json\/wp\/v2\/types\/page"}],"author":[{"embeddable":true,"href":"http:\/\/mariageavotreimage.com\/index.php\/wp-json\/wp\/v2\/users\/1"}],"replies":[{"embeddable":true,"href":"http:\/\/mariageavotreimage.com\/index.php\/wp-json\/wp\/v2\/comments?post=30"}],"version-history":[{"count":34,"href":"http:\/\/mariageavotreimage.com\/index.php\/wp-json\/wp\/v2\/pages\/30\/revisions"}],"predecessor-version":[{"id":3690,"href":"http:\/\/mariageavotreimage.com\/index.php\/wp-json\/wp\/v2\/pages\/30\/revisions\/3690"}],"wp:attachment":[{"href":"http:\/\/mariageavotreimage.com\/index.php\/wp-json\/wp\/v2\/media?parent=30"}],"curies":[{"name":"wp","href":"https:\/\/api.w.org\/{rel}","templated":true}]}}