{"id":332,"date":"2018-06-13T17:55:03","date_gmt":"2018-06-13T17:55:03","guid":{"rendered":"http:\/\/mariageavotreimage.com\/?page_id=332"},"modified":"2024-07-23T16:53:00","modified_gmt":"2024-07-23T16:53:00","slug":"servicess","status":"publish","type":"page","link":"http:\/\/mariageavotreimage.com\/index.php\/servicess\/","title":{"rendered":"Nos Services"},"content":{"rendered":"<p><a style=\"font-size: 40px;\" href=\"http:\/\/mariageavotreimage.com\/index.php\/mariage-civil\/\">Mariage civil<\/a><\/p>\n<div class=\"container\">\n<div class=\"service\">\n<div class=\"service-content\">\n<p><img fetchpriority=\"high\" decoding=\"async\" class=\"alignnone wp-image-3525 size-medium\" src=\"https:\/\/mariageavotreimage.com\/wp-content\/uploads\/2024\/07\/Image-1-300x200.jpeg\" alt=\"\" width=\"300\" height=\"200\" srcset=\"http:\/\/mariageavotreimage.com\/wp-content\/uploads\/2024\/07\/Image-1-300x200.jpeg 300w, http:\/\/mariageavotreimage.com\/wp-content\/uploads\/2024\/07\/Image-1-1024x683.jpeg 1024w, http:\/\/mariageavotreimage.com\/wp-content\/uploads\/2024\/07\/Image-1-768x513.jpeg 768w, http:\/\/mariageavotreimage.com\/wp-content\/uploads\/2024\/07\/Image-1-1536x1025.jpeg 1536w\" sizes=\"(max-width: 300px) 100vw, 300px\" \/><\/p>\n<p>Nos c\u00e9l\u00e9brants accr\u00e9dit\u00e9s sont d\u00e9di\u00e9s \u00e0 rendre votre mariage civil aussi sp\u00e9cial que vous le souhaitez. Que vous optiez pour une c\u00e9r\u00e9monie intime ou une grande c\u00e9l\u00e9bration, nous veillerons \u00e0 ce que chaque d\u00e9tail soit parfait.<\/p>\n<\/div>\n<\/div>\n<div class=\"service\">\n<div class=\"service-content\">\n<h2><a href=\"https:\/\/mariageavotreimage.com\/index.php\/fiancailles\/\">Fian\u00e7ailles<\/a><\/h2>\n<p><img decoding=\"async\" class=\"size-full wp-image-3524 alignnone\" src=\"https:\/\/mariageavotreimage.com\/wp-content\/uploads\/2024\/07\/IMG_3514.jpg\" alt=\"\" width=\"237\" height=\"183\" \/><\/p>\n<p>Faites de vos fian\u00e7ailles un moment inoubliable avec une c\u00e9l\u00e9bration qui refl\u00e8te votre amour et votre engagement. Nous vous aidons \u00e0 cr\u00e9er une c\u00e9r\u00e9monie qui marque ce passage important de votre vie de couple.<\/p>\n<\/div>\n<\/div>\n<div class=\"service\">\n<div class=\"service-content\">\n<h2><a href=\"https:\/\/mariageavotreimage.com\/index.php\/funerailles\/\">Fun\u00e9railles<\/a><\/h2>\n<p>Nous offrons des services fun\u00e9raires respectueux et personnalis\u00e9s pour honorer la m\u00e9moire de vos \u00eatres chers. Nos c\u00e9l\u00e9brants vous soutiennent dans ces moments difficiles, en cr\u00e9ant une c\u00e9r\u00e9monie qui refl\u00e8te la vie et les valeurs de la personne d\u00e9c\u00e9d\u00e9e.<\/p>\n<p><img decoding=\"async\" class=\"alignnone wp-image-3563 size-medium\" src=\"https:\/\/mariageavotreimage.com\/wp-content\/uploads\/2024\/07\/IMG_2107-225x300.jpg\" alt=\"\" width=\"225\" height=\"300\" srcset=\"http:\/\/mariageavotreimage.com\/wp-content\/uploads\/2024\/07\/IMG_2107-225x300.jpg 225w, http:\/\/mariageavotreimage.com\/wp-content\/uploads\/2024\/07\/IMG_2107-768x1024.jpg 768w, http:\/\/mariageavotreimage.com\/wp-content\/uploads\/2024\/07\/IMG_2107-1152x1536.jpg 1152w, http:\/\/mariageavotreimage.com\/wp-content\/uploads\/2024\/07\/IMG_2107.jpg 1536w\" sizes=\"(max-width: 225px) 100vw, 225px\" \/><\/p>\n<div class=\"service\">\n<div class=\"service-content\">\n<h2><a href=\"https:\/\/mariageavotreimage.com\/index.php\/bapteme\/\">Bapt\u00eame<\/a><\/h2>\n<p>Nous vous accompagnons dans la c\u00e9l\u00e9bration de bapt\u00eames avec une c\u00e9r\u00e9monie personnalis\u00e9e et touchante. Chaque c\u00e9r\u00e9monie est con\u00e7ue pour refl\u00e9ter vos valeurs et vos souhaits, cr\u00e9ant ainsi un moment unique et m\u00e9morable pour votre famille.<\/p>\n<\/div>\n<\/div>\n<div class=\"service\">\n<p><img loading=\"lazy\" decoding=\"async\" class=\"alignnone size-full wp-image-3573\" src=\"https:\/\/mariageavotreimage.com\/wp-content\/uploads\/2024\/07\/Bapte\u0302me.jpeg\" alt=\"\" width=\"259\" height=\"194\" \/><\/p>\n<\/div>\n<\/div>\n<\/div>\n<\/div>\n","protected":false},"excerpt":{"rendered":"<p>Mariage civil Nos c\u00e9l\u00e9brants accr\u00e9dit\u00e9s sont d\u00e9di\u00e9s \u00e0 rendre votre mariage civil aussi sp\u00e9cial que vous le souhaitez. Que vous optiez pour une c\u00e9r\u00e9monie intime ou une grande c\u00e9l\u00e9bration, nous veillerons \u00e0 ce que chaque d\u00e9tail soit parfait. Fian\u00e7ailles Faites [&hellip;]<\/p>\n","protected":false},"author":1,"featured_media":0,"parent":0,"menu_order":0,"comment_status":"closed","ping_status":"closed","template":"","meta":{"footnotes":""},"class_list":["post-332","page","type-page","status-publish","hentry"],"yoast_head":"<!-- This site is optimized with the Yoast SEO plugin v23.2 - https:\/\/yoast.com\/wordpress\/plugins\/seo\/ -->\n<title>Nos Services - C\u00e9l\u00e9brant mariage Qu\u00e9bec<\/title>\n<meta name=\"robots\" content=\"index, follow, max-snippet:-1, max-image-preview:large, max-video-preview:-1\" \/>\n<link rel=\"canonical\" href=\"http:\/\/mariageavotreimage.com\/index.php\/servicess\/\" \/>\n<meta property=\"og:locale\" content=\"fr_CA\" \/>\n<meta property=\"og:type\" content=\"article\" \/>\n<meta property=\"og:title\" content=\"Nos Services - C\u00e9l\u00e9brant mariage Qu\u00e9bec\" \/>\n<meta property=\"og:description\" content=\"Mariage civil Nos c\u00e9l\u00e9brants accr\u00e9dit\u00e9s sont d\u00e9di\u00e9s \u00e0 rendre votre mariage civil aussi sp\u00e9cial que vous le souhaitez. Que vous optiez pour une c\u00e9r\u00e9monie intime ou une grande c\u00e9l\u00e9bration, nous veillerons \u00e0 ce que chaque d\u00e9tail soit parfait. Fian\u00e7ailles Faites [&hellip;]\" \/>\n<meta property=\"og:url\" content=\"http:\/\/mariageavotreimage.com\/index.php\/servicess\/\" \/>\n<meta property=\"og:site_name\" content=\"C\u00e9l\u00e9brant mariage Qu\u00e9bec\" \/>\n<meta property=\"article:publisher\" content=\"https:\/\/www.facebook.com\/mariage.avotreimage?fref=ts\" \/>\n<meta property=\"article:modified_time\" content=\"2024-07-23T16:53:00+00:00\" \/>\n<meta property=\"og:image\" content=\"https:\/\/mariageavotreimage.com\/wp-content\/uploads\/2024\/07\/Image-1-300x200.jpeg\" \/>\n<meta name=\"twitter:card\" content=\"summary_large_image\" \/>\n<meta name=\"twitter:site\" content=\"@celebranmariage\" \/>\n<meta name=\"twitter:label1\" content=\"Estimation du temps de lecture\" \/>\n\t<meta name=\"twitter:data1\" content=\"2 minutes\" \/>\n<script type=\"application\/ld+json\" class=\"yoast-schema-graph\">{\"@context\":\"https:\/\/schema.org\",\"@graph\":[{\"@type\":\"WebPage\",\"@id\":\"http:\/\/mariageavotreimage.com\/index.php\/servicess\/\",\"url\":\"http:\/\/mariageavotreimage.com\/index.php\/servicess\/\",\"name\":\"Nos Services - C\u00e9l\u00e9brant mariage Qu\u00e9bec\",\"isPartOf\":{\"@id\":\"http:\/\/mariageavotreimage.com\/#website\"},\"primaryImageOfPage\":{\"@id\":\"http:\/\/mariageavotreimage.com\/index.php\/servicess\/#primaryimage\"},\"image\":{\"@id\":\"http:\/\/mariageavotreimage.com\/index.php\/servicess\/#primaryimage\"},\"thumbnailUrl\":\"https:\/\/mariageavotreimage.com\/wp-content\/uploads\/2024\/07\/Image-1-300x200.jpeg\",\"datePublished\":\"2018-06-13T17:55:03+00:00\",\"dateModified\":\"2024-07-23T16:53:00+00:00\",\"breadcrumb\":{\"@id\":\"http:\/\/mariageavotreimage.com\/index.php\/servicess\/#breadcrumb\"},\"inLanguage\":\"fr-CA\",\"potentialAction\":[{\"@type\":\"ReadAction\",\"target\":[\"http:\/\/mariageavotreimage.com\/index.php\/servicess\/\"]}]},{\"@type\":\"ImageObject\",\"inLanguage\":\"fr-CA\",\"@id\":\"http:\/\/mariageavotreimage.com\/index.php\/servicess\/#primaryimage\",\"url\":\"http:\/\/mariageavotreimage.com\/wp-content\/uploads\/2024\/07\/Image-1-scaled.jpeg\",\"contentUrl\":\"http:\/\/mariageavotreimage.com\/wp-content\/uploads\/2024\/07\/Image-1-scaled.jpeg\",\"width\":2560,\"height\":1709},{\"@type\":\"BreadcrumbList\",\"@id\":\"http:\/\/mariageavotreimage.com\/index.php\/servicess\/#breadcrumb\",\"itemListElement\":[{\"@type\":\"ListItem\",\"position\":1,\"name\":\"Home\",\"item\":\"http:\/\/mariageavotreimage.com\/\"},{\"@type\":\"ListItem\",\"position\":2,\"name\":\"Nos Services\"}]},{\"@type\":\"WebSite\",\"@id\":\"http:\/\/mariageavotreimage.com\/#website\",\"url\":\"http:\/\/mariageavotreimage.com\/\",\"name\":\"C\u00e9l\u00e9brant mariage Qu\u00e9bec\",\"description\":\"C\u00e9l\u00e9brant mariage\",\"potentialAction\":[{\"@type\":\"SearchAction\",\"target\":{\"@type\":\"EntryPoint\",\"urlTemplate\":\"http:\/\/mariageavotreimage.com\/?s={search_term_string}\"},\"query-input\":\"required name=search_term_string\"}],\"inLanguage\":\"fr-CA\"}]}<\/script>\n<!-- \/ Yoast SEO plugin. -->","yoast_head_json":{"title":"Nos Services - C\u00e9l\u00e9brant mariage Qu\u00e9bec","robots":{"index":"index","follow":"follow","max-snippet":"max-snippet:-1","max-image-preview":"max-image-preview:large","max-video-preview":"max-video-preview:-1"},"canonical":"http:\/\/mariageavotreimage.com\/index.php\/servicess\/","og_locale":"fr_CA","og_type":"article","og_title":"Nos Services - C\u00e9l\u00e9brant mariage Qu\u00e9bec","og_description":"Mariage civil Nos c\u00e9l\u00e9brants accr\u00e9dit\u00e9s sont d\u00e9di\u00e9s \u00e0 rendre votre mariage civil aussi sp\u00e9cial que vous le souhaitez. Que vous optiez pour une c\u00e9r\u00e9monie intime ou une grande c\u00e9l\u00e9bration, nous veillerons \u00e0 ce que chaque d\u00e9tail soit parfait. Fian\u00e7ailles Faites [&hellip;]","og_url":"http:\/\/mariageavotreimage.com\/index.php\/servicess\/","og_site_name":"C\u00e9l\u00e9brant mariage Qu\u00e9bec","article_publisher":"https:\/\/www.facebook.com\/mariage.avotreimage?fref=ts","article_modified_time":"2024-07-23T16:53:00+00:00","og_image":[{"url":"https:\/\/mariageavotreimage.com\/wp-content\/uploads\/2024\/07\/Image-1-300x200.jpeg"}],"twitter_card":"summary_large_image","twitter_site":"@celebranmariage","twitter_misc":{"Estimation du temps de lecture":"2 minutes"},"schema":{"@context":"https:\/\/schema.org","@graph":[{"@type":"WebPage","@id":"http:\/\/mariageavotreimage.com\/index.php\/servicess\/","url":"http:\/\/mariageavotreimage.com\/index.php\/servicess\/","name":"Nos Services - C\u00e9l\u00e9brant mariage Qu\u00e9bec","isPartOf":{"@id":"http:\/\/mariageavotreimage.com\/#website"},"primaryImageOfPage":{"@id":"http:\/\/mariageavotreimage.com\/index.php\/servicess\/#primaryimage"},"image":{"@id":"http:\/\/mariageavotreimage.com\/index.php\/servicess\/#primaryimage"},"thumbnailUrl":"https:\/\/mariageavotreimage.com\/wp-content\/uploads\/2024\/07\/Image-1-300x200.jpeg","datePublished":"2018-06-13T17:55:03+00:00","dateModified":"2024-07-23T16:53:00+00:00","breadcrumb":{"@id":"http:\/\/mariageavotreimage.com\/index.php\/servicess\/#breadcrumb"},"inLanguage":"fr-CA","potentialAction":[{"@type":"ReadAction","target":["http:\/\/mariageavotreimage.com\/index.php\/servicess\/"]}]},{"@type":"ImageObject","inLanguage":"fr-CA","@id":"http:\/\/mariageavotreimage.com\/index.php\/servicess\/#primaryimage","url":"http:\/\/mariageavotreimage.com\/wp-content\/uploads\/2024\/07\/Image-1-scaled.jpeg","contentUrl":"http:\/\/mariageavotreimage.com\/wp-content\/uploads\/2024\/07\/Image-1-scaled.jpeg","width":2560,"height":1709},{"@type":"BreadcrumbList","@id":"http:\/\/mariageavotreimage.com\/index.php\/servicess\/#breadcrumb","itemListElement":[{"@type":"ListItem","position":1,"name":"Home","item":"http:\/\/mariageavotreimage.com\/"},{"@type":"ListItem","position":2,"name":"Nos Services"}]},{"@type":"WebSite","@id":"http:\/\/mariageavotreimage.com\/#website","url":"http:\/\/mariageavotreimage.com\/","name":"C\u00e9l\u00e9brant mariage Qu\u00e9bec","description":"C\u00e9l\u00e9brant mariage","potentialAction":[{"@type":"SearchAction","target":{"@type":"EntryPoint","urlTemplate":"http:\/\/mariageavotreimage.com\/?s={search_term_string}"},"query-input":"required name=search_term_string"}],"inLanguage":"fr-CA"}]}},"_links":{"self":[{"href":"http:\/\/mariageavotreimage.com\/index.php\/wp-json\/wp\/v2\/pages\/332"}],"collection":[{"href":"http:\/\/mariageavotreimage.com\/index.php\/wp-json\/wp\/v2\/pages"}],"about":[{"href":"http:\/\/mariageavotreimage.com\/index.php\/wp-json\/wp\/v2\/types\/page"}],"author":[{"embeddable":true,"href":"http:\/\/mariageavotreimage.com\/index.php\/wp-json\/wp\/v2\/users\/1"}],"replies":[{"embeddable":true,"href":"http:\/\/mariageavotreimage.com\/index.php\/wp-json\/wp\/v2\/comments?post=332"}],"version-history":[{"count":12,"href":"http:\/\/mariageavotreimage.com\/index.php\/wp-json\/wp\/v2\/pages\/332\/revisions"}],"predecessor-version":[{"id":3574,"href":"http:\/\/mariageavotreimage.com\/index.php\/wp-json\/wp\/v2\/pages\/332\/revisions\/3574"}],"wp:attachment":[{"href":"http:\/\/mariageavotreimage.com\/index.php\/wp-json\/wp\/v2\/media?parent=332"}],"curies":[{"name":"wp","href":"https:\/\/api.w.org\/{rel}","templated":true}]}}