{"id":15,"date":"2015-05-23T21:43:44","date_gmt":"2015-05-23T21:43:44","guid":{"rendered":"http:\/\/mariageavotreimage.com\/?page_id=15"},"modified":"2024-08-14T12:35:21","modified_gmt":"2024-08-14T12:35:21","slug":"bapteme","status":"publish","type":"page","link":"https:\/\/mariageavotreimage.com\/index.php\/bapteme\/","title":{"rendered":"Bapt\u00eame"},"content":{"rendered":"<h2 style=\"text-align: justify;\"><span style=\"color: #808080;\"><img fetchpriority=\"high\" decoding=\"async\" class=\" wp-image-222  alignleft\" src=\"https:\/\/mariageavotreimage.com\/vv\/wp-content\/uploads\/2015\/05\/Bapt\u00eame.jpg\" alt=\"Bapt\u00eame\" width=\"388\" height=\"291\" \/><\/span><\/h2>\n<p>La c\u00e9l\u00e9bration de Bienvenue \u00a0est un rituel de bapt\u00eame cr\u00e9\u00e9 uniquement pour votre enfant.<\/p>\n<p>Ce petit \u00eatre qui vient au monde est ensuite accueilli par ses proches, marraine et parrain, famille et amis qui sont autour de cet \u00eatre aim\u00e9 pour confirmer cet amour partag\u00e9.<\/p>\n<p>&nbsp;<\/p>\n<p>Cette c\u00e9r\u00e9monie d\u2019amour nous permet \u00e9galement de consolider les liens avec la marraine et le parrain et de sensibiliser l\u2019importance de leur r\u00f4le aupr\u00e8s de l\u2019enfant.<\/p>\n<p>&nbsp;<\/p>\n<p>Un moment\u00a0 unique, rempli d\u2019amour pour accueillir dignement votre petit.<\/p>\n<p style=\"text-align: justify;\">\n","protected":false},"excerpt":{"rendered":"<p>La c\u00e9l\u00e9bration de Bienvenue \u00a0est un rituel de bapt\u00eame cr\u00e9\u00e9 uniquement pour votre enfant. Ce petit \u00eatre qui vient au monde est ensuite accueilli par ses proches, marraine et parrain, famille et amis qui sont autour de cet \u00eatre aim\u00e9 [&hellip;]<\/p>\n","protected":false},"author":1,"featured_media":0,"parent":0,"menu_order":0,"comment_status":"closed","ping_status":"closed","template":"","meta":{"footnotes":""},"class_list":["post-15","page","type-page","status-publish","hentry"],"yoast_head":"<!-- This site is optimized with the Yoast SEO plugin v23.2 - https:\/\/yoast.com\/wordpress\/plugins\/seo\/ -->\n<title>Bapt\u00eame fille<\/title>\n<meta name=\"description\" content=\"Le Bapt\u00eame est une c\u00e9l\u00e9bration de Bienvenue dans un monde d&#039;amour. Ce petit \u00eatre qui vient au monde est ensuite accueilli par ses proches, Bapt\u00eame fille\" \/>\n<meta name=\"robots\" content=\"index, follow, max-snippet:-1, max-image-preview:large, max-video-preview:-1\" \/>\n<link rel=\"canonical\" href=\"http:\/\/mariageavotreimage.com\/index.php\/bapteme\/\" \/>\n<meta property=\"og:locale\" content=\"fr_CA\" \/>\n<meta property=\"og:type\" content=\"article\" \/>\n<meta property=\"og:title\" content=\"Bapt\u00eame fille\" \/>\n<meta property=\"og:description\" content=\"Le Bapt\u00eame est une c\u00e9l\u00e9bration de Bienvenue dans un monde d&#039;amour. Ce petit \u00eatre qui vient au monde est ensuite accueilli par ses proches, Bapt\u00eame fille\" \/>\n<meta property=\"og:url\" content=\"http:\/\/mariageavotreimage.com\/index.php\/bapteme\/\" \/>\n<meta property=\"og:site_name\" content=\"C\u00e9l\u00e9brant mariage Qu\u00e9bec\" \/>\n<meta property=\"article:publisher\" content=\"https:\/\/www.facebook.com\/mariage.avotreimage?fref=ts\" \/>\n<meta property=\"article:modified_time\" content=\"2024-08-14T12:35:21+00:00\" \/>\n<meta name=\"twitter:card\" content=\"summary_large_image\" \/>\n<meta name=\"twitter:site\" content=\"@celebranmariage\" \/>\n<meta name=\"twitter:label1\" content=\"Estimation du temps de lecture\" \/>\n\t<meta name=\"twitter:data1\" content=\"1 minute\" \/>\n<script type=\"application\/ld+json\" class=\"yoast-schema-graph\">{\"@context\":\"https:\/\/schema.org\",\"@graph\":[{\"@type\":\"WebPage\",\"@id\":\"http:\/\/mariageavotreimage.com\/index.php\/bapteme\/\",\"url\":\"http:\/\/mariageavotreimage.com\/index.php\/bapteme\/\",\"name\":\"Bapt\u00eame fille\",\"isPartOf\":{\"@id\":\"http:\/\/mariageavotreimage.com\/#website\"},\"datePublished\":\"2015-05-23T21:43:44+00:00\",\"dateModified\":\"2024-08-14T12:35:21+00:00\",\"description\":\"Le Bapt\u00eame est une c\u00e9l\u00e9bration de Bienvenue dans un monde d'amour. Ce petit \u00eatre qui vient au monde est ensuite accueilli par ses proches, Bapt\u00eame fille\",\"breadcrumb\":{\"@id\":\"http:\/\/mariageavotreimage.com\/index.php\/bapteme\/#breadcrumb\"},\"inLanguage\":\"fr-CA\",\"potentialAction\":[{\"@type\":\"ReadAction\",\"target\":[\"http:\/\/mariageavotreimage.com\/index.php\/bapteme\/\"]}]},{\"@type\":\"BreadcrumbList\",\"@id\":\"http:\/\/mariageavotreimage.com\/index.php\/bapteme\/#breadcrumb\",\"itemListElement\":[{\"@type\":\"ListItem\",\"position\":1,\"name\":\"Home\",\"item\":\"http:\/\/mariageavotreimage.com\/\"},{\"@type\":\"ListItem\",\"position\":2,\"name\":\"Bapt\u00eame\"}]},{\"@type\":\"WebSite\",\"@id\":\"http:\/\/mariageavotreimage.com\/#website\",\"url\":\"http:\/\/mariageavotreimage.com\/\",\"name\":\"C\u00e9l\u00e9brant mariage Qu\u00e9bec\",\"description\":\"C\u00e9l\u00e9brant mariage\",\"potentialAction\":[{\"@type\":\"SearchAction\",\"target\":{\"@type\":\"EntryPoint\",\"urlTemplate\":\"http:\/\/mariageavotreimage.com\/?s={search_term_string}\"},\"query-input\":\"required name=search_term_string\"}],\"inLanguage\":\"fr-CA\"}]}<\/script>\n<!-- \/ Yoast SEO plugin. -->","yoast_head_json":{"title":"Bapt\u00eame fille","description":"Le Bapt\u00eame est une c\u00e9l\u00e9bration de Bienvenue dans un monde d'amour. Ce petit \u00eatre qui vient au monde est ensuite accueilli par ses proches, Bapt\u00eame fille","robots":{"index":"index","follow":"follow","max-snippet":"max-snippet:-1","max-image-preview":"max-image-preview:large","max-video-preview":"max-video-preview:-1"},"canonical":"http:\/\/mariageavotreimage.com\/index.php\/bapteme\/","og_locale":"fr_CA","og_type":"article","og_title":"Bapt\u00eame fille","og_description":"Le Bapt\u00eame est une c\u00e9l\u00e9bration de Bienvenue dans un monde d'amour. Ce petit \u00eatre qui vient au monde est ensuite accueilli par ses proches, Bapt\u00eame fille","og_url":"http:\/\/mariageavotreimage.com\/index.php\/bapteme\/","og_site_name":"C\u00e9l\u00e9brant mariage Qu\u00e9bec","article_publisher":"https:\/\/www.facebook.com\/mariage.avotreimage?fref=ts","article_modified_time":"2024-08-14T12:35:21+00:00","twitter_card":"summary_large_image","twitter_site":"@celebranmariage","twitter_misc":{"Estimation du temps de lecture":"1 minute"},"schema":{"@context":"https:\/\/schema.org","@graph":[{"@type":"WebPage","@id":"http:\/\/mariageavotreimage.com\/index.php\/bapteme\/","url":"http:\/\/mariageavotreimage.com\/index.php\/bapteme\/","name":"Bapt\u00eame fille","isPartOf":{"@id":"http:\/\/mariageavotreimage.com\/#website"},"datePublished":"2015-05-23T21:43:44+00:00","dateModified":"2024-08-14T12:35:21+00:00","description":"Le Bapt\u00eame est une c\u00e9l\u00e9bration de Bienvenue dans un monde d'amour. Ce petit \u00eatre qui vient au monde est ensuite accueilli par ses proches, Bapt\u00eame fille","breadcrumb":{"@id":"http:\/\/mariageavotreimage.com\/index.php\/bapteme\/#breadcrumb"},"inLanguage":"fr-CA","potentialAction":[{"@type":"ReadAction","target":["http:\/\/mariageavotreimage.com\/index.php\/bapteme\/"]}]},{"@type":"BreadcrumbList","@id":"http:\/\/mariageavotreimage.com\/index.php\/bapteme\/#breadcrumb","itemListElement":[{"@type":"ListItem","position":1,"name":"Home","item":"http:\/\/mariageavotreimage.com\/"},{"@type":"ListItem","position":2,"name":"Bapt\u00eame"}]},{"@type":"WebSite","@id":"http:\/\/mariageavotreimage.com\/#website","url":"http:\/\/mariageavotreimage.com\/","name":"C\u00e9l\u00e9brant mariage Qu\u00e9bec","description":"C\u00e9l\u00e9brant mariage","potentialAction":[{"@type":"SearchAction","target":{"@type":"EntryPoint","urlTemplate":"http:\/\/mariageavotreimage.com\/?s={search_term_string}"},"query-input":"required name=search_term_string"}],"inLanguage":"fr-CA"}]}},"_links":{"self":[{"href":"https:\/\/mariageavotreimage.com\/index.php\/wp-json\/wp\/v2\/pages\/15"}],"collection":[{"href":"https:\/\/mariageavotreimage.com\/index.php\/wp-json\/wp\/v2\/pages"}],"about":[{"href":"https:\/\/mariageavotreimage.com\/index.php\/wp-json\/wp\/v2\/types\/page"}],"author":[{"embeddable":true,"href":"https:\/\/mariageavotreimage.com\/index.php\/wp-json\/wp\/v2\/users\/1"}],"replies":[{"embeddable":true,"href":"https:\/\/mariageavotreimage.com\/index.php\/wp-json\/wp\/v2\/comments?post=15"}],"version-history":[{"count":12,"href":"https:\/\/mariageavotreimage.com\/index.php\/wp-json\/wp\/v2\/pages\/15\/revisions"}],"predecessor-version":[{"id":3606,"href":"https:\/\/mariageavotreimage.com\/index.php\/wp-json\/wp\/v2\/pages\/15\/revisions\/3606"}],"wp:attachment":[{"href":"https:\/\/mariageavotreimage.com\/index.php\/wp-json\/wp\/v2\/media?parent=15"}],"curies":[{"name":"wp","href":"https:\/\/api.w.org\/{rel}","templated":true}]}}