{"id":168,"date":"2015-05-27T05:08:18","date_gmt":"2015-05-27T05:08:18","guid":{"rendered":"http:\/\/mariageavotreimage.com\/?page_id=168"},"modified":"2024-09-19T20:37:09","modified_gmt":"2024-09-19T20:37:09","slug":"questions-frequentes-funerailles","status":"publish","type":"page","link":"https:\/\/mariageavotreimage.com\/index.php\/questions-frequentes-funerailles\/","title":{"rendered":"Questions fr\u00e9quentes &#8211; Fun\u00e9railles"},"content":{"rendered":"<p><img decoding=\"async\" class=\"aligncenter wp-image-2036 size-thumbnail\" src=\"https:\/\/mariageavotreimage.com\/wp-content\/uploads\/2019\/12\/landing-rev-3-img-1-1-150x150.png\" alt=\"m\" width=\"150\" height=\"150\" \/><\/p>\n<section id=\"faq\">\n<div class=\"question\">\n<h3>Quelle sorte de c\u00e9r\u00e9monie de fun\u00e9railles s&rsquo;agit-il ?<\/h3>\n<p>Il s&rsquo;agit d&rsquo;une c\u00e9r\u00e9monie de fun\u00e9railles spirituelle.<\/p>\n<\/div>\n<div class=\"question\">\n<h3>Quelle est la diff\u00e9rence entre une c\u00e9r\u00e9monie de fun\u00e9railles spirituelle et une c\u00e9r\u00e9monie de fun\u00e9railles religieuse qui se d\u00e9roule \u00e0 l&rsquo;\u00e9glise ?<\/h3>\n<p>Tous deux sont des rituels sacr\u00e9s. Le reste rel\u00e8ve de la croyance personnelle.<\/p>\n<\/div>\n<div class=\"question\">\n<h3>\u00c0 quel endroit pouvons-nous faire notre c\u00e9r\u00e9monie de fun\u00e9railles ?<\/h3>\n<p>Vous pouvez organiser la c\u00e9r\u00e9monie o\u00f9 vous le d\u00e9sirez : au salon fun\u00e9raire, dans une salle de r\u00e9ception, au cimeti\u00e8re, \u00e0 la maison, etc.<\/p>\n<\/div>\n<div class=\"question\">\n<h3>Quelle est la dur\u00e9e d&rsquo;une c\u00e9r\u00e9monie de fun\u00e9railles ?<\/h3>\n<p>Il faut environ de 25 \u00e0 30 minutes pour compl\u00e9ter une c\u00e9r\u00e9monie de fun\u00e9railles.<\/p>\n<\/div>\n<div class=\"question\">\n<h3>Quand pouvons-nous faire la c\u00e9r\u00e9monie de fun\u00e9railles ?<\/h3>\n<p>Vous pouvez choisir le moment qui vous convient, que ce soit le jour, le soir, en semaine ou le week-end.<\/p>\n<\/div>\n<div class=\"question\">\n<h3>Des proches du d\u00e9funt peuvent-ils participer durant la c\u00e9r\u00e9monie de fun\u00e9railles ?<\/h3>\n<p>Oui, nous encourageons la participation des proches. Vous pouvez pr\u00e9voir un temps pour qu&rsquo;ils lisent un texte, un po\u00e8me ou jouent d\u2019un instrument de musique.<\/p>\n<\/div>\n<div class=\"question\">\n<h3>Quel est le prix d&rsquo;une c\u00e9r\u00e9monie de fun\u00e9railles ?<\/h3>\n<p>Le co\u00fbt varie en fonction de la distance que le c\u00e9l\u00e9brant de votre r\u00e9gion doit parcourir.<\/p>\n<p>Notez qu\u2019il s\u2019agit d\u2019un montant \u00abclef en main\u00bb, qui couvre tous les frais:<\/p>\n<ul>\n<li>L&rsquo;ouverture de dossier<\/li>\n<li>Le d\u00e9placement du pasteur c\u00e9l\u00e9brant<\/li>\n<li>La c\u00e9r\u00e9monie de fun\u00e9railles<\/li>\n<\/ul>\n<p>Contactez-nous pour obtenir le prix exact associ\u00e9 \u00e0 votre lieu de c\u00e9r\u00e9monie de fun\u00e9railles.<\/p>\n<\/div>\n<div class=\"question\">\n<h3>Peut-on modifier les textes qui seront lus durant notre c\u00e9r\u00e9monie de fun\u00e9railles ?<\/h3>\n<p>Oui, les textes peuvent \u00eatre modifi\u00e9s selon vos souhaits apr\u00e8s entente avec le pasteur c\u00e9l\u00e9brant.<\/p>\n<\/div>\n<div class=\"question\">\n<h3>Notre c\u00e9r\u00e9monie de fun\u00e9railles peut-elle \u00eatre faite en 2 langues ?<\/h3>\n<p>Nous pouvons g\u00e9n\u00e9ralement offrir des c\u00e9r\u00e9monies de fun\u00e9railles en fran\u00e7ais, anglais, espagnol (espa\u00f1ol).<\/p>\n<\/div>\n<div class=\"question\">\n<h3>Comment fait-on une r\u00e9servation avec votre entreprise Hommage \u00e0 votre Image ?<\/h3>\n<p>Nous vous recommandons de r\u00e9server d\u00e8s que vous avez confirm\u00e9 l&rsquo;adresse, la date et l&rsquo;heure souhait\u00e9es pour la c\u00e9r\u00e9monie de fun\u00e9railles. Pour r\u00e9server, veuillez contacter le bureau d\u2019Hommage \u00e0 votre Image pour v\u00e9rifier la disponibilit\u00e9.<\/p>\n<\/div>\n<div class=\"question\">\n<h3>Quelles sont les modalit\u00e9s de paiement ?<\/h3>\n<p>Le paiement complet peut \u00eatre effectu\u00e9 quelques jours avant les fun\u00e9railles ou le jour m\u00eame de la c\u00e9r\u00e9monie. Un re\u00e7u vous sera remis. Les paiements anticip\u00e9s peuvent \u00eatre effectu\u00e9s par ch\u00e8que personnel, virement Interac ou comptant.<\/p>\n<\/div>\n<\/section>\n<p>&nbsp;<\/p>\n","protected":false},"excerpt":{"rendered":"<p>Quelle sorte de c\u00e9r\u00e9monie de fun\u00e9railles s&rsquo;agit-il ? Il s&rsquo;agit d&rsquo;une c\u00e9r\u00e9monie de fun\u00e9railles spirituelle. Quelle est la diff\u00e9rence entre une c\u00e9r\u00e9monie de fun\u00e9railles spirituelle et une c\u00e9r\u00e9monie de fun\u00e9railles religieuse qui se d\u00e9roule \u00e0 l&rsquo;\u00e9glise ? Tous deux sont [&hellip;]<\/p>\n","protected":false},"author":1,"featured_media":0,"parent":0,"menu_order":0,"comment_status":"closed","ping_status":"closed","template":"","meta":{"footnotes":""},"class_list":["post-168","page","type-page","status-publish","hentry"],"yoast_head":"<!-- This site is optimized with the Yoast SEO plugin v23.2 - https:\/\/yoast.com\/wordpress\/plugins\/seo\/ -->\n<title>418 932-6399 fun\u00e9railles religieuses<\/title>\n<meta name=\"description\" content=\"c\u00e9l\u00e9bration fun\u00e9railles, pr\u00e9paration mariage, fun\u00e9railles religieuses, fun\u00e9railles catholiques, fun\u00e9railles Qu\u00e9bec, fun\u00e9railles religieuses\" \/>\n<meta name=\"robots\" content=\"index, follow, max-snippet:-1, max-image-preview:large, max-video-preview:-1\" \/>\n<link rel=\"canonical\" href=\"http:\/\/mariageavotreimage.com\/index.php\/questions-frequentes-funerailles\/\" \/>\n<meta property=\"og:locale\" content=\"fr_CA\" \/>\n<meta property=\"og:type\" content=\"article\" \/>\n<meta property=\"og:title\" content=\"418 932-6399 fun\u00e9railles religieuses\" \/>\n<meta property=\"og:description\" content=\"c\u00e9l\u00e9bration fun\u00e9railles, pr\u00e9paration mariage, fun\u00e9railles religieuses, fun\u00e9railles catholiques, fun\u00e9railles Qu\u00e9bec, fun\u00e9railles religieuses\" \/>\n<meta property=\"og:url\" content=\"http:\/\/mariageavotreimage.com\/index.php\/questions-frequentes-funerailles\/\" \/>\n<meta property=\"og:site_name\" content=\"C\u00e9l\u00e9brant mariage Qu\u00e9bec\" \/>\n<meta property=\"article:publisher\" content=\"https:\/\/www.facebook.com\/mariage.avotreimage?fref=ts\" \/>\n<meta property=\"article:modified_time\" content=\"2024-09-19T20:37:09+00:00\" \/>\n<meta property=\"og:image\" content=\"http:\/\/mariageavotreimage.com\/wp-content\/uploads\/2019\/12\/landing-rev-3-img-1-1-150x150.png\" \/>\n<meta name=\"twitter:card\" content=\"summary_large_image\" \/>\n<meta name=\"twitter:site\" content=\"@celebranmariage\" \/>\n<meta name=\"twitter:label1\" content=\"Estimation du temps de lecture\" \/>\n\t<meta name=\"twitter:data1\" content=\"3 minutes\" \/>\n<script type=\"application\/ld+json\" class=\"yoast-schema-graph\">{\"@context\":\"https:\/\/schema.org\",\"@graph\":[{\"@type\":\"WebPage\",\"@id\":\"http:\/\/mariageavotreimage.com\/index.php\/questions-frequentes-funerailles\/\",\"url\":\"http:\/\/mariageavotreimage.com\/index.php\/questions-frequentes-funerailles\/\",\"name\":\"418 932-6399 fun\u00e9railles religieuses\",\"isPartOf\":{\"@id\":\"http:\/\/mariageavotreimage.com\/#website\"},\"primaryImageOfPage\":{\"@id\":\"http:\/\/mariageavotreimage.com\/index.php\/questions-frequentes-funerailles\/#primaryimage\"},\"image\":{\"@id\":\"http:\/\/mariageavotreimage.com\/index.php\/questions-frequentes-funerailles\/#primaryimage\"},\"thumbnailUrl\":\"http:\/\/mariageavotreimage.com\/wp-content\/uploads\/2019\/12\/landing-rev-3-img-1-1-150x150.png\",\"datePublished\":\"2015-05-27T05:08:18+00:00\",\"dateModified\":\"2024-09-19T20:37:09+00:00\",\"description\":\"c\u00e9l\u00e9bration fun\u00e9railles, pr\u00e9paration mariage, fun\u00e9railles religieuses, fun\u00e9railles catholiques, fun\u00e9railles Qu\u00e9bec, fun\u00e9railles religieuses\",\"breadcrumb\":{\"@id\":\"http:\/\/mariageavotreimage.com\/index.php\/questions-frequentes-funerailles\/#breadcrumb\"},\"inLanguage\":\"fr-CA\",\"potentialAction\":[{\"@type\":\"ReadAction\",\"target\":[\"http:\/\/mariageavotreimage.com\/index.php\/questions-frequentes-funerailles\/\"]}]},{\"@type\":\"ImageObject\",\"inLanguage\":\"fr-CA\",\"@id\":\"http:\/\/mariageavotreimage.com\/index.php\/questions-frequentes-funerailles\/#primaryimage\",\"url\":\"http:\/\/mariageavotreimage.com\/wp-content\/uploads\/2019\/12\/landing-rev-3-img-1-1-150x150.png\",\"contentUrl\":\"http:\/\/mariageavotreimage.com\/wp-content\/uploads\/2019\/12\/landing-rev-3-img-1-1-150x150.png\"},{\"@type\":\"BreadcrumbList\",\"@id\":\"http:\/\/mariageavotreimage.com\/index.php\/questions-frequentes-funerailles\/#breadcrumb\",\"itemListElement\":[{\"@type\":\"ListItem\",\"position\":1,\"name\":\"Home\",\"item\":\"http:\/\/mariageavotreimage.com\/\"},{\"@type\":\"ListItem\",\"position\":2,\"name\":\"Questions fr\u00e9quentes &#8211; Fun\u00e9railles\"}]},{\"@type\":\"WebSite\",\"@id\":\"http:\/\/mariageavotreimage.com\/#website\",\"url\":\"http:\/\/mariageavotreimage.com\/\",\"name\":\"C\u00e9l\u00e9brant mariage Qu\u00e9bec\",\"description\":\"C\u00e9l\u00e9brant mariage\",\"potentialAction\":[{\"@type\":\"SearchAction\",\"target\":{\"@type\":\"EntryPoint\",\"urlTemplate\":\"http:\/\/mariageavotreimage.com\/?s={search_term_string}\"},\"query-input\":\"required name=search_term_string\"}],\"inLanguage\":\"fr-CA\"}]}<\/script>\n<!-- \/ Yoast SEO plugin. -->","yoast_head_json":{"title":"418 932-6399 fun\u00e9railles religieuses","description":"c\u00e9l\u00e9bration fun\u00e9railles, pr\u00e9paration mariage, fun\u00e9railles religieuses, fun\u00e9railles catholiques, fun\u00e9railles Qu\u00e9bec, fun\u00e9railles religieuses","robots":{"index":"index","follow":"follow","max-snippet":"max-snippet:-1","max-image-preview":"max-image-preview:large","max-video-preview":"max-video-preview:-1"},"canonical":"http:\/\/mariageavotreimage.com\/index.php\/questions-frequentes-funerailles\/","og_locale":"fr_CA","og_type":"article","og_title":"418 932-6399 fun\u00e9railles religieuses","og_description":"c\u00e9l\u00e9bration fun\u00e9railles, pr\u00e9paration mariage, fun\u00e9railles religieuses, fun\u00e9railles catholiques, fun\u00e9railles Qu\u00e9bec, fun\u00e9railles religieuses","og_url":"http:\/\/mariageavotreimage.com\/index.php\/questions-frequentes-funerailles\/","og_site_name":"C\u00e9l\u00e9brant mariage Qu\u00e9bec","article_publisher":"https:\/\/www.facebook.com\/mariage.avotreimage?fref=ts","article_modified_time":"2024-09-19T20:37:09+00:00","og_image":[{"url":"http:\/\/mariageavotreimage.com\/wp-content\/uploads\/2019\/12\/landing-rev-3-img-1-1-150x150.png"}],"twitter_card":"summary_large_image","twitter_site":"@celebranmariage","twitter_misc":{"Estimation du temps de lecture":"3 minutes"},"schema":{"@context":"https:\/\/schema.org","@graph":[{"@type":"WebPage","@id":"http:\/\/mariageavotreimage.com\/index.php\/questions-frequentes-funerailles\/","url":"http:\/\/mariageavotreimage.com\/index.php\/questions-frequentes-funerailles\/","name":"418 932-6399 fun\u00e9railles religieuses","isPartOf":{"@id":"http:\/\/mariageavotreimage.com\/#website"},"primaryImageOfPage":{"@id":"http:\/\/mariageavotreimage.com\/index.php\/questions-frequentes-funerailles\/#primaryimage"},"image":{"@id":"http:\/\/mariageavotreimage.com\/index.php\/questions-frequentes-funerailles\/#primaryimage"},"thumbnailUrl":"http:\/\/mariageavotreimage.com\/wp-content\/uploads\/2019\/12\/landing-rev-3-img-1-1-150x150.png","datePublished":"2015-05-27T05:08:18+00:00","dateModified":"2024-09-19T20:37:09+00:00","description":"c\u00e9l\u00e9bration fun\u00e9railles, pr\u00e9paration mariage, fun\u00e9railles religieuses, fun\u00e9railles catholiques, fun\u00e9railles Qu\u00e9bec, fun\u00e9railles religieuses","breadcrumb":{"@id":"http:\/\/mariageavotreimage.com\/index.php\/questions-frequentes-funerailles\/#breadcrumb"},"inLanguage":"fr-CA","potentialAction":[{"@type":"ReadAction","target":["http:\/\/mariageavotreimage.com\/index.php\/questions-frequentes-funerailles\/"]}]},{"@type":"ImageObject","inLanguage":"fr-CA","@id":"http:\/\/mariageavotreimage.com\/index.php\/questions-frequentes-funerailles\/#primaryimage","url":"http:\/\/mariageavotreimage.com\/wp-content\/uploads\/2019\/12\/landing-rev-3-img-1-1-150x150.png","contentUrl":"http:\/\/mariageavotreimage.com\/wp-content\/uploads\/2019\/12\/landing-rev-3-img-1-1-150x150.png"},{"@type":"BreadcrumbList","@id":"http:\/\/mariageavotreimage.com\/index.php\/questions-frequentes-funerailles\/#breadcrumb","itemListElement":[{"@type":"ListItem","position":1,"name":"Home","item":"http:\/\/mariageavotreimage.com\/"},{"@type":"ListItem","position":2,"name":"Questions fr\u00e9quentes &#8211; Fun\u00e9railles"}]},{"@type":"WebSite","@id":"http:\/\/mariageavotreimage.com\/#website","url":"http:\/\/mariageavotreimage.com\/","name":"C\u00e9l\u00e9brant mariage Qu\u00e9bec","description":"C\u00e9l\u00e9brant mariage","potentialAction":[{"@type":"SearchAction","target":{"@type":"EntryPoint","urlTemplate":"http:\/\/mariageavotreimage.com\/?s={search_term_string}"},"query-input":"required name=search_term_string"}],"inLanguage":"fr-CA"}]}},"_links":{"self":[{"href":"https:\/\/mariageavotreimage.com\/index.php\/wp-json\/wp\/v2\/pages\/168"}],"collection":[{"href":"https:\/\/mariageavotreimage.com\/index.php\/wp-json\/wp\/v2\/pages"}],"about":[{"href":"https:\/\/mariageavotreimage.com\/index.php\/wp-json\/wp\/v2\/types\/page"}],"author":[{"embeddable":true,"href":"https:\/\/mariageavotreimage.com\/index.php\/wp-json\/wp\/v2\/users\/1"}],"replies":[{"embeddable":true,"href":"https:\/\/mariageavotreimage.com\/index.php\/wp-json\/wp\/v2\/comments?post=168"}],"version-history":[{"count":9,"href":"https:\/\/mariageavotreimage.com\/index.php\/wp-json\/wp\/v2\/pages\/168\/revisions"}],"predecessor-version":[{"id":3696,"href":"https:\/\/mariageavotreimage.com\/index.php\/wp-json\/wp\/v2\/pages\/168\/revisions\/3696"}],"wp:attachment":[{"href":"https:\/\/mariageavotreimage.com\/index.php\/wp-json\/wp\/v2\/media?parent=168"}],"curies":[{"name":"wp","href":"https:\/\/api.w.org\/{rel}","templated":true}]}}