{"id":19,"date":"2015-05-23T21:44:10","date_gmt":"2015-05-23T21:44:10","guid":{"rendered":"http:\/\/mariageavotreimage.com\/?page_id=19"},"modified":"2024-07-23T16:56:24","modified_gmt":"2024-07-23T16:56:24","slug":"contactez-nous","status":"publish","type":"page","link":"https:\/\/mariageavotreimage.com\/index.php\/contactez-nous\/","title":{"rendered":"Nous joindre"},"content":{"rendered":"<p>N\u2019h\u00e9sitez pas \u00e0 nous contacter pour toutes questions, il nous fera plaisir de vous r\u00e9pondre.<\/p>\n<p><img decoding=\"async\" class=\"wp-image-33\" title=\"mariage qu\u00e9bec\" src=\"https:\/\/mariageavotreimage.com\/wp-content\/uploads\/2015\/05\/Rjb.jpg\" alt=\"mariage qu\u00e9bec\" width=\"110\" height=\"196\" srcset=\"https:\/\/mariageavotreimage.com\/wp-content\/uploads\/2015\/05\/Rjb.jpg 450w, https:\/\/mariageavotreimage.com\/wp-content\/uploads\/2015\/05\/Rjb-169x300.jpg 169w\" sizes=\"(max-width: 110px) 100vw, 110px\" \/><\/p>\n<p><span style=\"color: #808080;\">Coordonnatrice<br \/>\n<span style=\"font-family: Verdana;\">Qu\u00e9bec et les environs<br \/>\n<\/span><strong><span style=\"font-family: Verdana;\"> R\u00e9v. Johanne B\u00e9rub\u00e9<\/span> <\/strong><b><span style=\"font-family: Verdana;\"><br \/>\n<\/span><\/b><\/span><\/p>\n<ul>\n<li><span style=\"color: #808080;\"><span style=\"font-family: Verdana; font-size: small;\"><strong>T\u00e9l\u00e9phone :<\/strong> 418 932-6399<\/span><\/span><\/li>\n<li><span style=\"font-family: Verdana; font-size: small; color: #808080;\"><strong>Courriel: <span style=\"color: #808080;\"><a style=\"color: #808080;\" href=\"mailto:revjohanne@mariageavotreimage.com\" target=\"_blank\" rel=\"noopener\">revjohanne@mariageavotreimage.<wbr \/>com<\/a><\/span><\/strong><\/span><\/li>\n<\/ul>\n<p>&nbsp;<\/p>\n<p><!--more--><\/p>\n<p><span style=\"line-height: 1.5; color: #808080;\">\n<div class=\"wpcf7 no-js\" id=\"wpcf7-f56-o1\" lang=\"en-US\" dir=\"ltr\">\n<div class=\"screen-reader-response\"><p role=\"status\" aria-live=\"polite\" aria-atomic=\"true\"><\/p> <ul><\/ul><\/div>\n<form action=\"\/index.php\/wp-json\/wp\/v2\/pages\/19#wpcf7-f56-o1\" method=\"post\" class=\"wpcf7-form init\" aria-label=\"Contact form\" novalidate=\"novalidate\" data-status=\"init\">\n<div style=\"display: none;\">\n<input type=\"hidden\" name=\"_wpcf7\" value=\"56\" \/>\n<input type=\"hidden\" name=\"_wpcf7_version\" value=\"5.9.8\" \/>\n<input type=\"hidden\" name=\"_wpcf7_locale\" value=\"en_US\" \/>\n<input type=\"hidden\" name=\"_wpcf7_unit_tag\" value=\"wpcf7-f56-o1\" \/>\n<input type=\"hidden\" name=\"_wpcf7_container_post\" value=\"0\" \/>\n<input type=\"hidden\" name=\"_wpcf7_posted_data_hash\" value=\"\" \/>\n<input type=\"hidden\" name=\"_wpcf7_recaptcha_response\" value=\"\" \/>\n<\/div>\n<p>Votre nom<br \/>\n    <span class=\"wpcf7-form-control-wrap\" data-name=\"your-name\"><input size=\"40\" maxlength=\"400\" class=\"wpcf7-form-control wpcf7-text wpcf7-validates-as-required\" aria-required=\"true\" aria-invalid=\"false\" value=\"\" type=\"text\" name=\"your-name\" \/><\/span> <\/p>\n\n<p>Votre courriel<br \/>\n    <span class=\"wpcf7-form-control-wrap\" data-name=\"your-email\"><input size=\"40\" maxlength=\"400\" class=\"wpcf7-form-control wpcf7-email wpcf7-validates-as-required wpcf7-text wpcf7-validates-as-email\" aria-required=\"true\" aria-invalid=\"false\" value=\"\" type=\"email\" name=\"your-email\" \/><\/span> <\/p>\n\n<p>Votre num\u00e9ro de t\u00e9l\u00e9phone<br \/>\n    <span class=\"wpcf7-form-control-wrap\" data-name=\"your-subject\"><input size=\"40\" maxlength=\"400\" class=\"wpcf7-form-control wpcf7-text\" aria-invalid=\"false\" value=\"\" type=\"text\" name=\"your-subject\" \/><\/span> <\/p>\n\n<p>Votre Message<br \/>\n    <span class=\"wpcf7-form-control-wrap\" data-name=\"your-message\"><textarea cols=\"40\" rows=\"10\" maxlength=\"2000\" class=\"wpcf7-form-control wpcf7-textarea\" aria-invalid=\"false\" name=\"your-message\"><\/textarea><\/span> <\/p>\n\n<span class=\"wpcf7-form-control-wrap recaptcha\" data-name=\"recaptcha\"><span data-sitekey=\"6LdmsyYqAAAAAAobXRE4XUWabZVKibMpJF1_d7Fd\" class=\"wpcf7-form-control wpcf7-recaptcha g-recaptcha\"><\/span>\r\n<noscript>\r\n\t<div class=\"grecaptcha-noscript\">\r\n\t\t<iframe src=\"https:\/\/www.google.com\/recaptcha\/api\/fallback?k=6LdmsyYqAAAAAAobXRE4XUWabZVKibMpJF1_d7Fd\" frameborder=\"0\" scrolling=\"no\" width=\"310\" height=\"430\">\r\n\t\t<\/iframe>\r\n\t\t<textarea name=\"g-recaptcha-response\" rows=\"3\" cols=\"40\" placeholder=\"reCaptcha Response Here\">\r\n\t\t<\/textarea>\r\n\t<\/div>\r\n<\/noscript>\r\n<\/span>\n\n\n<p><button class=\"wpcf7-form-control wpcf7-submit eltdf-btn eltdf-btn-large eltdf-btn-solid\" type=\"submit\"><span class=\"eltdf-btn-text\">Envoyer<\/span><\/button><\/p><p style=\"display: none !important;\" class=\"akismet-fields-container\" data-prefix=\"_wpcf7_ak_\"><label>&#916;<textarea name=\"_wpcf7_ak_hp_textarea\" cols=\"45\" rows=\"8\" maxlength=\"100\"><\/textarea><\/label><input type=\"hidden\" id=\"ak_js_1\" name=\"_wpcf7_ak_js\" value=\"138\"\/><script>document.getElementById( \"ak_js_1\" ).setAttribute( \"value\", ( new Date() ).getTime() );<\/script><\/p><div class=\"wpcf7-response-output\" aria-hidden=\"true\"><\/div>\n<\/form>\n<\/div>\n<\/span><\/p>\n","protected":false},"excerpt":{"rendered":"<p>N\u2019h\u00e9sitez pas \u00e0 nous contacter pour toutes questions, il nous fera plaisir de vous r\u00e9pondre. Coordonnatrice Qu\u00e9bec et les environs R\u00e9v. Johanne B\u00e9rub\u00e9 T\u00e9l\u00e9phone : 418 932-6399 Courriel: revjohanne@mariageavotreimage.com &nbsp;<\/p>\n","protected":false},"author":1,"featured_media":0,"parent":0,"menu_order":0,"comment_status":"closed","ping_status":"closed","template":"","meta":{"footnotes":""},"class_list":["post-19","page","type-page","status-publish","hentry"],"yoast_head":"<!-- This site is optimized with the Yoast SEO plugin v23.2 - https:\/\/yoast.com\/wordpress\/plugins\/seo\/ -->\n<title>418 932-6399 Mariage Qu\u00e9bec | ville de qu\u00e9bec<\/title>\n<meta name=\"description\" content=\"418 932-6399 Que ce soit pour votre mariage, la planification d\u2019un bapt\u00eame, un renouvellement de v\u0153ux, des fian\u00e7ailles. Mariage qu\u00e9bec , mariage au qu\u00e9bec,\" \/>\n<meta name=\"robots\" content=\"index, follow, max-snippet:-1, max-image-preview:large, max-video-preview:-1\" \/>\n<link rel=\"canonical\" href=\"http:\/\/mariageavotreimage.com\/index.php\/contactez-nous\/\" \/>\n<meta property=\"og:locale\" content=\"fr_CA\" \/>\n<meta property=\"og:type\" content=\"article\" \/>\n<meta property=\"og:title\" content=\"Mariage \u00e0 votre image - Contactez-nous\" \/>\n<meta property=\"og:description\" content=\"C\u00e9l\u00e9brants, c\u00e9l\u00e9brant de mariage Qu\u00e9bec, celebration de mariage Quebec, planification mariage, forfait mariage, union civile, c\u00e9l\u00e9bration de mariage civil\" \/>\n<meta property=\"og:url\" content=\"http:\/\/mariageavotreimage.com\/index.php\/contactez-nous\/\" \/>\n<meta property=\"og:site_name\" content=\"C\u00e9l\u00e9brant mariage Qu\u00e9bec\" \/>\n<meta property=\"article:publisher\" content=\"https:\/\/www.facebook.com\/mariage.avotreimage?fref=ts\" \/>\n<meta property=\"article:modified_time\" content=\"2024-07-23T16:56:24+00:00\" \/>\n<meta property=\"og:image\" content=\"http:\/\/mariageavotreimage.com\/wp-content\/uploads\/2015\/05\/Rjb.jpg\" \/>\n\t<meta property=\"og:image:width\" content=\"450\" \/>\n\t<meta property=\"og:image:height\" content=\"800\" \/>\n\t<meta property=\"og:image:type\" content=\"image\/jpeg\" \/>\n<meta name=\"twitter:card\" content=\"summary_large_image\" \/>\n<meta name=\"twitter:site\" content=\"@celebranmariage\" \/>\n<meta name=\"twitter:label1\" content=\"Estimation du temps de lecture\" \/>\n\t<meta name=\"twitter:data1\" content=\"1 minute\" \/>\n<script type=\"application\/ld+json\" class=\"yoast-schema-graph\">{\"@context\":\"https:\/\/schema.org\",\"@graph\":[{\"@type\":\"WebPage\",\"@id\":\"http:\/\/mariageavotreimage.com\/index.php\/contactez-nous\/\",\"url\":\"http:\/\/mariageavotreimage.com\/index.php\/contactez-nous\/\",\"name\":\"418 932-6399 Mariage Qu\u00e9bec | ville de qu\u00e9bec\",\"isPartOf\":{\"@id\":\"http:\/\/mariageavotreimage.com\/#website\"},\"primaryImageOfPage\":{\"@id\":\"http:\/\/mariageavotreimage.com\/index.php\/contactez-nous\/#primaryimage\"},\"image\":{\"@id\":\"http:\/\/mariageavotreimage.com\/index.php\/contactez-nous\/#primaryimage\"},\"thumbnailUrl\":\"http:\/\/mariageavotreimage.com\/wp-content\/uploads\/2015\/05\/Rjb.jpg\",\"datePublished\":\"2015-05-23T21:44:10+00:00\",\"dateModified\":\"2024-07-23T16:56:24+00:00\",\"description\":\"418 932-6399 Que ce soit pour votre mariage, la planification d\u2019un bapt\u00eame, un renouvellement de v\u0153ux, des fian\u00e7ailles. Mariage qu\u00e9bec , mariage au qu\u00e9bec,\",\"breadcrumb\":{\"@id\":\"http:\/\/mariageavotreimage.com\/index.php\/contactez-nous\/#breadcrumb\"},\"inLanguage\":\"fr-CA\",\"potentialAction\":[{\"@type\":\"ReadAction\",\"target\":[\"http:\/\/mariageavotreimage.com\/index.php\/contactez-nous\/\"]}]},{\"@type\":\"ImageObject\",\"inLanguage\":\"fr-CA\",\"@id\":\"http:\/\/mariageavotreimage.com\/index.php\/contactez-nous\/#primaryimage\",\"url\":\"http:\/\/mariageavotreimage.com\/wp-content\/uploads\/2015\/05\/Rjb.jpg\",\"contentUrl\":\"http:\/\/mariageavotreimage.com\/wp-content\/uploads\/2015\/05\/Rjb.jpg\"},{\"@type\":\"BreadcrumbList\",\"@id\":\"http:\/\/mariageavotreimage.com\/index.php\/contactez-nous\/#breadcrumb\",\"itemListElement\":[{\"@type\":\"ListItem\",\"position\":1,\"name\":\"Home\",\"item\":\"http:\/\/mariageavotreimage.com\/\"},{\"@type\":\"ListItem\",\"position\":2,\"name\":\"Nous joindre\"}]},{\"@type\":\"WebSite\",\"@id\":\"http:\/\/mariageavotreimage.com\/#website\",\"url\":\"http:\/\/mariageavotreimage.com\/\",\"name\":\"C\u00e9l\u00e9brant mariage Qu\u00e9bec\",\"description\":\"C\u00e9l\u00e9brant mariage\",\"potentialAction\":[{\"@type\":\"SearchAction\",\"target\":{\"@type\":\"EntryPoint\",\"urlTemplate\":\"http:\/\/mariageavotreimage.com\/?s={search_term_string}\"},\"query-input\":\"required name=search_term_string\"}],\"inLanguage\":\"fr-CA\"}]}<\/script>\n<!-- \/ Yoast SEO plugin. -->","yoast_head_json":{"title":"418 932-6399 Mariage Qu\u00e9bec | ville de qu\u00e9bec","description":"418 932-6399 Que ce soit pour votre mariage, la planification d\u2019un bapt\u00eame, un renouvellement de v\u0153ux, des fian\u00e7ailles. Mariage qu\u00e9bec , mariage au qu\u00e9bec,","robots":{"index":"index","follow":"follow","max-snippet":"max-snippet:-1","max-image-preview":"max-image-preview:large","max-video-preview":"max-video-preview:-1"},"canonical":"http:\/\/mariageavotreimage.com\/index.php\/contactez-nous\/","og_locale":"fr_CA","og_type":"article","og_title":"Mariage \u00e0 votre image - Contactez-nous","og_description":"C\u00e9l\u00e9brants, c\u00e9l\u00e9brant de mariage Qu\u00e9bec, celebration de mariage Quebec, planification mariage, forfait mariage, union civile, c\u00e9l\u00e9bration de mariage civil","og_url":"http:\/\/mariageavotreimage.com\/index.php\/contactez-nous\/","og_site_name":"C\u00e9l\u00e9brant mariage Qu\u00e9bec","article_publisher":"https:\/\/www.facebook.com\/mariage.avotreimage?fref=ts","article_modified_time":"2024-07-23T16:56:24+00:00","og_image":[{"width":450,"height":800,"url":"http:\/\/mariageavotreimage.com\/wp-content\/uploads\/2015\/05\/Rjb.jpg","type":"image\/jpeg"}],"twitter_card":"summary_large_image","twitter_site":"@celebranmariage","twitter_misc":{"Estimation du temps de lecture":"1 minute"},"schema":{"@context":"https:\/\/schema.org","@graph":[{"@type":"WebPage","@id":"http:\/\/mariageavotreimage.com\/index.php\/contactez-nous\/","url":"http:\/\/mariageavotreimage.com\/index.php\/contactez-nous\/","name":"418 932-6399 Mariage Qu\u00e9bec | ville de qu\u00e9bec","isPartOf":{"@id":"http:\/\/mariageavotreimage.com\/#website"},"primaryImageOfPage":{"@id":"http:\/\/mariageavotreimage.com\/index.php\/contactez-nous\/#primaryimage"},"image":{"@id":"http:\/\/mariageavotreimage.com\/index.php\/contactez-nous\/#primaryimage"},"thumbnailUrl":"http:\/\/mariageavotreimage.com\/wp-content\/uploads\/2015\/05\/Rjb.jpg","datePublished":"2015-05-23T21:44:10+00:00","dateModified":"2024-07-23T16:56:24+00:00","description":"418 932-6399 Que ce soit pour votre mariage, la planification d\u2019un bapt\u00eame, un renouvellement de v\u0153ux, des fian\u00e7ailles. Mariage qu\u00e9bec , mariage au qu\u00e9bec,","breadcrumb":{"@id":"http:\/\/mariageavotreimage.com\/index.php\/contactez-nous\/#breadcrumb"},"inLanguage":"fr-CA","potentialAction":[{"@type":"ReadAction","target":["http:\/\/mariageavotreimage.com\/index.php\/contactez-nous\/"]}]},{"@type":"ImageObject","inLanguage":"fr-CA","@id":"http:\/\/mariageavotreimage.com\/index.php\/contactez-nous\/#primaryimage","url":"http:\/\/mariageavotreimage.com\/wp-content\/uploads\/2015\/05\/Rjb.jpg","contentUrl":"http:\/\/mariageavotreimage.com\/wp-content\/uploads\/2015\/05\/Rjb.jpg"},{"@type":"BreadcrumbList","@id":"http:\/\/mariageavotreimage.com\/index.php\/contactez-nous\/#breadcrumb","itemListElement":[{"@type":"ListItem","position":1,"name":"Home","item":"http:\/\/mariageavotreimage.com\/"},{"@type":"ListItem","position":2,"name":"Nous joindre"}]},{"@type":"WebSite","@id":"http:\/\/mariageavotreimage.com\/#website","url":"http:\/\/mariageavotreimage.com\/","name":"C\u00e9l\u00e9brant mariage Qu\u00e9bec","description":"C\u00e9l\u00e9brant mariage","potentialAction":[{"@type":"SearchAction","target":{"@type":"EntryPoint","urlTemplate":"http:\/\/mariageavotreimage.com\/?s={search_term_string}"},"query-input":"required name=search_term_string"}],"inLanguage":"fr-CA"}]}},"_links":{"self":[{"href":"https:\/\/mariageavotreimage.com\/index.php\/wp-json\/wp\/v2\/pages\/19"}],"collection":[{"href":"https:\/\/mariageavotreimage.com\/index.php\/wp-json\/wp\/v2\/pages"}],"about":[{"href":"https:\/\/mariageavotreimage.com\/index.php\/wp-json\/wp\/v2\/types\/page"}],"author":[{"embeddable":true,"href":"https:\/\/mariageavotreimage.com\/index.php\/wp-json\/wp\/v2\/users\/1"}],"replies":[{"embeddable":true,"href":"https:\/\/mariageavotreimage.com\/index.php\/wp-json\/wp\/v2\/comments?post=19"}],"version-history":[{"count":24,"href":"https:\/\/mariageavotreimage.com\/index.php\/wp-json\/wp\/v2\/pages\/19\/revisions"}],"predecessor-version":[{"id":3577,"href":"https:\/\/mariageavotreimage.com\/index.php\/wp-json\/wp\/v2\/pages\/19\/revisions\/3577"}],"wp:attachment":[{"href":"https:\/\/mariageavotreimage.com\/index.php\/wp-json\/wp\/v2\/media?parent=19"}],"curies":[{"name":"wp","href":"https:\/\/api.w.org\/{rel}","templated":true}]}}