{"id":7,"date":"2015-05-23T21:42:31","date_gmt":"2015-05-23T21:42:31","guid":{"rendered":"http:\/\/mariageavotreimage.com\/?page_id=7"},"modified":"2025-01-14T07:36:34","modified_gmt":"2025-01-14T07:36:34","slug":"accueil","status":"publish","type":"page","link":"https:\/\/mariageavotreimage.com\/","title":{"rendered":"Accueil"},"content":{"rendered":"<h2 class=\"version\" style=\"text-align: center;\"><span style=\"color: #808080;\"><span style=\"font-family: Verdana;\">Mariage \u00e0\u00a0votre image<\/span><\/span><\/h2>\n<p style=\"text-align: justify;\">Nous sommes tr\u00e8s honor\u00e9s de vous pr\u00e9senter notre entreprise Mariage \u00e0\u00a0votre\u00a0Image &amp; Hommage \u00e0 votre Image. Nous sommes une \u00e9quipe de c\u00e9l\u00e9brants accr\u00e9dit\u00e9s par le Directeur\u00a0du bureau\u00a0de\u00a0l\u2019\u00c9tat civil du Qu\u00e9bec\u00a0pour les r\u00e9alisations l\u00e9gales et officielles des\u00a0moments\u00a0significatifs de votre vie.<\/p>\n<div class=\"dc\" style=\"text-align: justify;\">En qualit\u00e9 de c\u00e9l\u00e9brants de mariage, notre mission est d\u2019offrir ces services \u00e0 travers des valeurs spirituelles dans une approche humaine et universelle. Notre \u00e9quipe de professionnels vous accueille pour une c\u00e9l\u00e9bration sur mesure, \u00e0 votre image fond\u00e9e sur une id\u00e9ologie d\u2019amour sans jugement et dans le respect.<\/div>\n<p style=\"text-align: justify;\">Que ce soit pour votre mariage, la planification d\u2019un bapt\u00eame, un renouvellement de v\u0153ux, des fian\u00e7ailles, une liturgie de la parole personnalis\u00e9e \u00e0 votre image, sachez que c\u2019est un grand moment de votre vie et qu\u2019il vous appartient avec nous de le pr\u00e9parer avec le plus grand soin. Que ce moment pr\u00e9cieux de votre vie soit sign\u00e9 d\u2019une note de professionnalisme et de respect.<img decoding=\"async\" class=\"alignnone wp-image-300 size-full aligncenter\" src=\"https:\/\/mariageavotreimage.com\/wp-content\/uploads\/2015\/05\/ligne_separation.png\" alt=\"ligne_separation\" width=\"734\" height=\"10\" srcset=\"https:\/\/mariageavotreimage.com\/wp-content\/uploads\/2015\/05\/ligne_separation.png 734w, https:\/\/mariageavotreimage.com\/wp-content\/uploads\/2015\/05\/ligne_separation-300x4.png 300w\" sizes=\"(max-width: 734px) 100vw, 734px\" \/><img fetchpriority=\"high\" decoding=\"async\" class=\"wp-image-3787 size-medium aligncenter\" src=\"https:\/\/mariageavotreimage.com\/wp-content\/uploads\/2025\/01\/fr-mariageavotreimage-quebec-300x268.png\" alt=\"\" width=\"300\" height=\"268\" srcset=\"https:\/\/mariageavotreimage.com\/wp-content\/uploads\/2025\/01\/fr-mariageavotreimage-quebec-300x268.png 300w, https:\/\/mariageavotreimage.com\/wp-content\/uploads\/2025\/01\/fr-mariageavotreimage-quebec-768x685.png 768w, https:\/\/mariageavotreimage.com\/wp-content\/uploads\/2025\/01\/fr-mariageavotreimage-quebec.png 999w\" sizes=\"(max-width: 300px) 100vw, 300px\" \/><\/p>\n","protected":false},"excerpt":{"rendered":"<p>Mariage \u00e0\u00a0votre image Nous sommes tr\u00e8s honor\u00e9s de vous pr\u00e9senter notre entreprise Mariage \u00e0\u00a0votre\u00a0Image &amp; Hommage \u00e0 votre Image. Nous sommes une \u00e9quipe de c\u00e9l\u00e9brants accr\u00e9dit\u00e9s par le Directeur\u00a0du bureau\u00a0de\u00a0l\u2019\u00c9tat civil du Qu\u00e9bec\u00a0pour les r\u00e9alisations l\u00e9gales et officielles des\u00a0moments\u00a0significatifs de [&hellip;]<\/p>\n","protected":false},"author":1,"featured_media":0,"parent":0,"menu_order":0,"comment_status":"closed","ping_status":"closed","template":"","meta":{"footnotes":""},"class_list":["post-7","page","type-page","status-publish","hentry"],"yoast_head":"<!-- This site is optimized with the Yoast SEO plugin v23.2 - https:\/\/yoast.com\/wordpress\/plugins\/seo\/ -->\n<title>418 932-6399 c\u00e9l\u00e9bration de mariage civil<\/title>\n<meta name=\"description\" content=\"C\u00e9l\u00e9brant mariage Qu\u00e9bec. Nous sommes tr\u00e8s honor\u00e9s de vous pr\u00e9senter notre entreprise Mariage \u00e0 votre Image &amp; Hommage \u00e0 votre Image - mariage civil qu\u00e9bec\" \/>\n<meta name=\"robots\" content=\"index, follow, max-snippet:-1, max-image-preview:large, max-video-preview:-1\" \/>\n<link rel=\"canonical\" href=\"http:\/\/mariageavotreimage.com\/\" \/>\n<meta property=\"og:locale\" content=\"fr_CA\" \/>\n<meta property=\"og:type\" content=\"article\" \/>\n<meta property=\"og:title\" content=\"C\u00e9l\u00e9brant mariage Qu\u00e9bec\" \/>\n<meta property=\"og:description\" content=\"C\u00e9l\u00e9brant mariage Qu\u00e9bec\" \/>\n<meta property=\"og:url\" content=\"http:\/\/mariageavotreimage.com\/\" \/>\n<meta property=\"og:site_name\" content=\"C\u00e9l\u00e9brant mariage Qu\u00e9bec\" \/>\n<meta property=\"article:publisher\" content=\"https:\/\/www.facebook.com\/mariage.avotreimage?fref=ts\" \/>\n<meta property=\"article:modified_time\" content=\"2025-01-14T07:36:34+00:00\" \/>\n<meta property=\"og:image\" content=\"http:\/\/mariageavotreimage.com\/wp-content\/uploads\/2015\/06\/celebrant-mariage33.jpg\" \/>\n\t<meta property=\"og:image:width\" content=\"1500\" \/>\n\t<meta property=\"og:image:height\" content=\"1000\" \/>\n\t<meta property=\"og:image:type\" content=\"image\/jpeg\" \/>\n<meta name=\"twitter:card\" content=\"summary_large_image\" \/>\n<meta name=\"twitter:title\" content=\"C\u00e9l\u00e9brant mariage\" \/>\n<meta name=\"twitter:description\" content=\"C\u00e9l\u00e9brant mariage\" \/>\n<meta name=\"twitter:image\" content=\"http:\/\/mariageavotreimage.com\/wp-content\/uploads\/2015\/05\/slide11133.jpg\" \/>\n<meta name=\"twitter:site\" content=\"@celebranmariage\" \/>\n<meta name=\"twitter:label1\" content=\"Estimation du temps de lecture\" \/>\n\t<meta name=\"twitter:data1\" content=\"2 minutes\" \/>\n<script type=\"application\/ld+json\" class=\"yoast-schema-graph\">{\"@context\":\"https:\/\/schema.org\",\"@graph\":[{\"@type\":\"WebPage\",\"@id\":\"http:\/\/mariageavotreimage.com\/\",\"url\":\"http:\/\/mariageavotreimage.com\/\",\"name\":\"418 932-6399 c\u00e9l\u00e9bration de mariage civil\",\"isPartOf\":{\"@id\":\"http:\/\/mariageavotreimage.com\/#website\"},\"primaryImageOfPage\":{\"@id\":\"http:\/\/mariageavotreimage.com\/#primaryimage\"},\"image\":{\"@id\":\"http:\/\/mariageavotreimage.com\/#primaryimage\"},\"thumbnailUrl\":\"http:\/\/mariageavotreimage.com\/wp-content\/uploads\/2015\/05\/ligne_separation.png\",\"datePublished\":\"2015-05-23T21:42:31+00:00\",\"dateModified\":\"2025-01-14T07:36:34+00:00\",\"description\":\"C\u00e9l\u00e9brant mariage Qu\u00e9bec. Nous sommes tr\u00e8s honor\u00e9s de vous pr\u00e9senter notre entreprise Mariage \u00e0 votre Image & Hommage \u00e0 votre Image - mariage civil qu\u00e9bec\",\"breadcrumb\":{\"@id\":\"http:\/\/mariageavotreimage.com\/#breadcrumb\"},\"inLanguage\":\"fr-CA\",\"potentialAction\":[{\"@type\":\"ReadAction\",\"target\":[\"http:\/\/mariageavotreimage.com\/\"]}]},{\"@type\":\"ImageObject\",\"inLanguage\":\"fr-CA\",\"@id\":\"http:\/\/mariageavotreimage.com\/#primaryimage\",\"url\":\"https:\/\/mariageavotreimage.com\/wp-content\/uploads\/2015\/05\/ligne_separation.png\",\"contentUrl\":\"https:\/\/mariageavotreimage.com\/wp-content\/uploads\/2015\/05\/ligne_separation.png\",\"width\":734,\"height\":10},{\"@type\":\"BreadcrumbList\",\"@id\":\"http:\/\/mariageavotreimage.com\/#breadcrumb\",\"itemListElement\":[{\"@type\":\"ListItem\",\"position\":1,\"name\":\"Home\",\"item\":\"http:\/\/mariageavotreimage.com\/\"},{\"@type\":\"ListItem\",\"position\":2,\"name\":\"Accueil\"}]},{\"@type\":\"WebSite\",\"@id\":\"http:\/\/mariageavotreimage.com\/#website\",\"url\":\"http:\/\/mariageavotreimage.com\/\",\"name\":\"C\u00e9l\u00e9brant mariage Qu\u00e9bec\",\"description\":\"C\u00e9l\u00e9brant mariage\",\"potentialAction\":[{\"@type\":\"SearchAction\",\"target\":{\"@type\":\"EntryPoint\",\"urlTemplate\":\"http:\/\/mariageavotreimage.com\/?s={search_term_string}\"},\"query-input\":\"required name=search_term_string\"}],\"inLanguage\":\"fr-CA\"}]}<\/script>\n<!-- \/ Yoast SEO plugin. -->","yoast_head_json":{"title":"418 932-6399 c\u00e9l\u00e9bration de mariage civil","description":"C\u00e9l\u00e9brant mariage Qu\u00e9bec. Nous sommes tr\u00e8s honor\u00e9s de vous pr\u00e9senter notre entreprise Mariage \u00e0 votre Image & Hommage \u00e0 votre Image - mariage civil qu\u00e9bec","robots":{"index":"index","follow":"follow","max-snippet":"max-snippet:-1","max-image-preview":"max-image-preview:large","max-video-preview":"max-video-preview:-1"},"canonical":"http:\/\/mariageavotreimage.com\/","og_locale":"fr_CA","og_type":"article","og_title":"C\u00e9l\u00e9brant mariage Qu\u00e9bec","og_description":"C\u00e9l\u00e9brant mariage Qu\u00e9bec","og_url":"http:\/\/mariageavotreimage.com\/","og_site_name":"C\u00e9l\u00e9brant mariage Qu\u00e9bec","article_publisher":"https:\/\/www.facebook.com\/mariage.avotreimage?fref=ts","article_modified_time":"2025-01-14T07:36:34+00:00","og_image":[{"width":1500,"height":1000,"url":"http:\/\/mariageavotreimage.com\/wp-content\/uploads\/2015\/06\/celebrant-mariage33.jpg","type":"image\/jpeg"}],"twitter_card":"summary_large_image","twitter_title":"C\u00e9l\u00e9brant mariage","twitter_description":"C\u00e9l\u00e9brant mariage","twitter_image":"http:\/\/mariageavotreimage.com\/wp-content\/uploads\/2015\/05\/slide11133.jpg","twitter_site":"@celebranmariage","twitter_misc":{"Estimation du temps de lecture":"2 minutes"},"schema":{"@context":"https:\/\/schema.org","@graph":[{"@type":"WebPage","@id":"http:\/\/mariageavotreimage.com\/","url":"http:\/\/mariageavotreimage.com\/","name":"418 932-6399 c\u00e9l\u00e9bration de mariage civil","isPartOf":{"@id":"http:\/\/mariageavotreimage.com\/#website"},"primaryImageOfPage":{"@id":"http:\/\/mariageavotreimage.com\/#primaryimage"},"image":{"@id":"http:\/\/mariageavotreimage.com\/#primaryimage"},"thumbnailUrl":"http:\/\/mariageavotreimage.com\/wp-content\/uploads\/2015\/05\/ligne_separation.png","datePublished":"2015-05-23T21:42:31+00:00","dateModified":"2025-01-14T07:36:34+00:00","description":"C\u00e9l\u00e9brant mariage Qu\u00e9bec. Nous sommes tr\u00e8s honor\u00e9s de vous pr\u00e9senter notre entreprise Mariage \u00e0 votre Image & Hommage \u00e0 votre Image - mariage civil qu\u00e9bec","breadcrumb":{"@id":"http:\/\/mariageavotreimage.com\/#breadcrumb"},"inLanguage":"fr-CA","potentialAction":[{"@type":"ReadAction","target":["http:\/\/mariageavotreimage.com\/"]}]},{"@type":"ImageObject","inLanguage":"fr-CA","@id":"http:\/\/mariageavotreimage.com\/#primaryimage","url":"https:\/\/mariageavotreimage.com\/wp-content\/uploads\/2015\/05\/ligne_separation.png","contentUrl":"https:\/\/mariageavotreimage.com\/wp-content\/uploads\/2015\/05\/ligne_separation.png","width":734,"height":10},{"@type":"BreadcrumbList","@id":"http:\/\/mariageavotreimage.com\/#breadcrumb","itemListElement":[{"@type":"ListItem","position":1,"name":"Home","item":"http:\/\/mariageavotreimage.com\/"},{"@type":"ListItem","position":2,"name":"Accueil"}]},{"@type":"WebSite","@id":"http:\/\/mariageavotreimage.com\/#website","url":"http:\/\/mariageavotreimage.com\/","name":"C\u00e9l\u00e9brant mariage Qu\u00e9bec","description":"C\u00e9l\u00e9brant mariage","potentialAction":[{"@type":"SearchAction","target":{"@type":"EntryPoint","urlTemplate":"http:\/\/mariageavotreimage.com\/?s={search_term_string}"},"query-input":"required name=search_term_string"}],"inLanguage":"fr-CA"}]}},"_links":{"self":[{"href":"https:\/\/mariageavotreimage.com\/index.php\/wp-json\/wp\/v2\/pages\/7"}],"collection":[{"href":"https:\/\/mariageavotreimage.com\/index.php\/wp-json\/wp\/v2\/pages"}],"about":[{"href":"https:\/\/mariageavotreimage.com\/index.php\/wp-json\/wp\/v2\/types\/page"}],"author":[{"embeddable":true,"href":"https:\/\/mariageavotreimage.com\/index.php\/wp-json\/wp\/v2\/users\/1"}],"replies":[{"embeddable":true,"href":"https:\/\/mariageavotreimage.com\/index.php\/wp-json\/wp\/v2\/comments?post=7"}],"version-history":[{"count":39,"href":"https:\/\/mariageavotreimage.com\/index.php\/wp-json\/wp\/v2\/pages\/7\/revisions"}],"predecessor-version":[{"id":3788,"href":"https:\/\/mariageavotreimage.com\/index.php\/wp-json\/wp\/v2\/pages\/7\/revisions\/3788"}],"wp:attachment":[{"href":"https:\/\/mariageavotreimage.com\/index.php\/wp-json\/wp\/v2\/media?parent=7"}],"curies":[{"name":"wp","href":"https:\/\/api.w.org\/{rel}","templated":true}]}}